{"id":3568,"date":"2017-03-20T09:25:02","date_gmt":"2017-03-20T09:25:02","guid":{"rendered":"http:\/\/lafiebredeloro.org\/pt-pt\/mineria-artesanal\/"},"modified":"2019-11-22T09:50:00","modified_gmt":"2019-11-22T09:50:00","slug":"mineracao-artesanal","status":"publish","type":"page","link":"https:\/\/lafiebredeloro.org\/pt-pt\/mineracao-artesanal\/","title":{"rendered":"Minera\u00e7\u00e3o artesanal"},"content":{"rendered":"<div class=\"wpb-content-wrapper\"><section class=\"content-section full-width is-fluid cover rella-no-padding rella-no-margin    content-section-69e760a55fb84\"><div class=\"row vc_row-fluid\"><div class=\"wpb_column col-md-12\">\n\t\t\t<!-- START Slider mineria REVOLUTION SLIDER 6.7.38 --><p class=\"rs-p-wp-fix\"><\/p>\n\t\t\t<rs-module-wrap id=\"rev_slider_2_1_wrapper\" data-source=\"gallery\" style=\"visibility:hidden;background:transparent;padding:0;margin:0px auto;margin-top:0;margin-bottom:0;\">\n\t\t\t\t<rs-module id=\"rev_slider_2_1\" style=\"\" data-version=\"6.7.38\">\n\t\t\t\t\t<rs-slides style=\"overflow: hidden; position: absolute;\">\n\t\t\t\t\t\t<rs-slide style=\"position: absolute;\" data-key=\"rs-4\" data-title=\"Slide\" data-thumb=\"\/\/lafiebredeloro.org\/wp-content\/uploads\/2017\/03\/La-fiebre-del-oro-Mineria-artesanal-contexto_1-100x50.jpg\" data-anim=\"adpr:false;\">\n\t\t\t\t\t\t\t<img decoding=\"async\" src=\"\/\/lafiebredeloro.org\/wp-content\/plugins\/revslider\/sr6\/assets\/assets\/dummy.png\" alt=\"\" title=\"Minera\u00e7\u00e3o artesanal\" class=\"rev-slidebg tp-rs-img rs-lazyload\" data-lazyload=\"\/\/lafiebredeloro.org\/wp-content\/uploads\/2017\/03\/La-fiebre-del-oro-Mineria-artesanal-contexto_1.jpg\" data-no-retina>\n<!---->\t\t\t\t\t<\/rs-slide>\n\t\t\t\t\t\t<rs-slide style=\"position: absolute;\" data-key=\"rs-5\" data-title=\"Slide\" data-thumb=\"\/\/lafiebredeloro.org\/wp-content\/uploads\/2017\/03\/La-fiebre-del-oro-Mineria-artesanal-contexto_2-100x50.jpg\" data-anim=\"adpr:false;\">\n\t\t\t\t\t\t\t<img decoding=\"async\" src=\"\/\/lafiebredeloro.org\/wp-content\/plugins\/revslider\/sr6\/assets\/assets\/dummy.png\" alt=\"\" title=\"Minera\u00e7\u00e3o artesanal\" class=\"rev-slidebg tp-rs-img rs-lazyload\" data-lazyload=\"\/\/lafiebredeloro.org\/wp-content\/uploads\/2017\/03\/La-fiebre-del-oro-Mineria-artesanal-contexto_2.jpg\" data-no-retina>\n<!---->\t\t\t\t\t<\/rs-slide>\n\t\t\t\t\t\t<rs-slide style=\"position: absolute;\" data-key=\"rs-6\" data-title=\"Slide\" data-thumb=\"\/\/lafiebredeloro.org\/wp-content\/uploads\/2017\/03\/La-fiebre-del-oro-Mineria-artesanal-contexto_3-100x50.jpg\" data-anim=\"adpr:false;\">\n\t\t\t\t\t\t\t<img decoding=\"async\" src=\"\/\/lafiebredeloro.org\/wp-content\/plugins\/revslider\/sr6\/assets\/assets\/dummy.png\" alt=\"\" title=\"Minera\u00e7\u00e3o artesanal\" class=\"rev-slidebg tp-rs-img rs-lazyload\" data-lazyload=\"\/\/lafiebredeloro.org\/wp-content\/uploads\/2017\/03\/La-fiebre-del-oro-Mineria-artesanal-contexto_3.jpg\" data-no-retina>\n<!---->\t\t\t\t\t<\/rs-slide>\n\t\t\t\t\t<\/rs-slides>\n\t\t\t\t<\/rs-module>\n\t\t\t\t<script>\n\t\t\t\t\tsetREVStartSize({c: 'rev_slider_2_1',rl:[1240,1024,778,480],el:[],gw:[1240],gh:[450],type:'standard',justify:'',layout:'fullwidth',mh:\"0\"});if (window.RS_MODULES!==undefined && window.RS_MODULES.modules!==undefined && window.RS_MODULES.modules[\"revslider21\"]!==undefined) {window.RS_MODULES.modules[\"revslider21\"].once = false;window.revapi2 = undefined;if (window.RS_MODULES.checkMinimal!==undefined) window.RS_MODULES.checkMinimal()}\n\t\t\t\t<\/script>\n\t\t\t<\/rs-module-wrap>\n\t\t\t<!-- END REVOLUTION SLIDER -->\n<\/div><\/div><\/section><section  id=\"section1\" class=\"content-section full-width with-col cover rella-no-padding rella-no-margin    content-section-69e760a56552e\"><div class=\"row vc_row-fluid\"><div class=\"wpb_column col-md-12\">[vc_separator color=&#8221;white&#8221; border_width=&#8221;10&#8243; css=&#8221;.vc_custom_1495461960044{padding-top: 10px !important;padding-bottom: 10px !important;}&#8221;]<\/div><\/div><\/section><section  id=\"contexto\" class=\"content-section full-width with-col cover rella-no-padding custom-margin    content-section-69e760a5656ca\"><div class=\"row vc_row-fluid\"><div class=\"wpb_column col-md-12\"><h2  class=\"section-title  mb-70 mb-sm-40 font-alt align-center\" style=\"color:#4e342e;\">CONTEXTO<\/h2><section  class=\"content-section full-width with-col cover rella-no-padding rella-no-margin    content-section-69e760a5659b6\"><div class=\"row vc_row-fluid\"><div class=\"wpb_column col-md-6\"><div class=\"section-text text-block \" ><p>Mo\u00e7ambique, e em particular a prov\u00edncia de Cabo Delgado, tem experimentado nos \u00faltimos anos um incremento em rela\u00e7\u00e3o \u00e0 explora\u00e7\u00e3o de recursos minerais. Diferenciam-se dos principais tipos de actividade: (1) a ind\u00fastria extractiva formal focalizada principalmente na extra\u00e7\u00e3o de petr\u00f3leos, g\u00e1s, carv\u00e3o e outros minerais fosseis e (2) a minera\u00e7\u00e3o artesanal, de pequena escala, informal, mas com uma repercuss\u00e3o direita nos aspectos de desenvolvimento social, econ\u00f3mico, de sa\u00fade e ambiental nos territ\u00f3rios onde se desenvolve. \u00c9 practicada por trabalhadores\/as conhecidos como \u201cgarimpeiros\u201d. Se a aten\u00e7\u00e3o governamental, das empresas internacionais, das organiza\u00e7\u00f5es internacionais e nacionais que trabalham para uma gest\u00e3o eficiente e distributiva dos recursos tem se focalizado na ind\u00fastria formal, a minera\u00e7\u00e3o artesanal ainda n\u00e3o recebe a aten\u00e7\u00e3o devida, facto, que n\u00e3o deixa explorar a sua potencialidade como motor de desenvolvimento e n\u00e3o permite alertar e minimizar os riscos que provoca.<\/p>\n<\/div><\/div><div class=\"wpb_column col-md-6\"><div class=\"section-text text-block \" ><p>O aumento da minera\u00e7\u00e3o artesanal tem uma justifica\u00e7\u00e3o enquadrada nas condi\u00e7\u00f5es de subdesenvolvimento do pa\u00eds. Mais de metade da popula\u00e7\u00e3o mo\u00e7ambicana vive em situa\u00e7\u00f5es de pobreza absoluta, sendo a agricultura a principal fonte de sobreviv\u00eancia. A escassez de chuvas, as prec\u00e1rias t\u00e9cnicas usadas e as mudan\u00e7as clim\u00e1ticas t\u00eam resultado na redu\u00e7\u00e3o da produ\u00e7\u00e3o e na perda das condi\u00e7\u00f5es de vida. Os elevados n\u00edveis de pobreza que se verificam nas zonas rurais, o desemprego generalizado, especialmente no seio da juventude, a falta de oportunidade de continua\u00e7\u00e3o de estudo, a toler\u00e2ncia do governo, e, \u00e0s vezes, os elevados rendimentos obtidos na explora\u00e7\u00e3o dos minerais constituem algumas das causas da prolifera\u00e7\u00e3o da minera\u00e7\u00e3o artesanal no pa\u00eds.<br \/>\nAs evid\u00eancias que existem no pa\u00eds e em outras regi\u00f5es internacionais com uma problem\u00e1tica similar alertam sobre os desafios sociais, econ\u00f3micos e ambientais que a minera\u00e7\u00e3o artesanal provoca:<\/p>\n<\/div><\/div><\/div><\/section><\/div><\/div><\/section><section  class=\"content-section full-width is-fluid cover rella-no-padding rella-no-margin    content-section-69e760a565d1e\"><div class=\"row vc_row-fluid\"><div class=\"wpb_column col-md-12\">\n\t\t\t<!-- START Slider mineria 2 REVOLUTION SLIDER 6.7.38 --><p class=\"rs-p-wp-fix\"><\/p>\n\t\t\t<rs-module-wrap id=\"rev_slider_3_2_wrapper\" data-source=\"gallery\" style=\"visibility:hidden;background:transparent;padding:0;margin:0px auto;margin-top:0;margin-bottom:0;\">\n\t\t\t\t<rs-module id=\"rev_slider_3_2\" style=\"\" data-version=\"6.7.38\">\n\t\t\t\t\t<rs-slides style=\"overflow: hidden; position: absolute;\">\n\t\t\t\t\t\t<rs-slide style=\"position: absolute;\" data-key=\"rs-8\" data-title=\"Slide\" data-thumb=\"\/\/lafiebredeloro.org\/wp-content\/uploads\/2017\/03\/La-fiebre-del-oro-Mineria-artesanal-Problemas-ambientales_1500x450-100x50.jpg\" data-anim=\"adpr:false;\">\n\t\t\t\t\t\t\t<img decoding=\"async\" src=\"\/\/lafiebredeloro.org\/wp-content\/plugins\/revslider\/sr6\/assets\/assets\/dummy.png\" alt=\"\" title=\"Minera\u00e7\u00e3o artesanal\" class=\"rev-slidebg tp-rs-img rs-lazyload\" data-lazyload=\"\/\/lafiebredeloro.org\/wp-content\/uploads\/2017\/03\/La-fiebre-del-oro-Mineria-artesanal-Problemas-ambientales_1500x450.jpg\" data-no-retina>\n<!---->\t\t\t\t\t<\/rs-slide>\n\t\t\t\t\t\t<rs-slide style=\"position: absolute;\" data-key=\"rs-9\" data-title=\"Slide\" data-thumb=\"\/\/lafiebredeloro.org\/wp-content\/uploads\/2017\/03\/La-fiebre-del-oro-Mineria-artesanal-Impacto-social02_1500x450-100x50.jpg\" data-anim=\"adpr:false;\">\n\t\t\t\t\t\t\t<img decoding=\"async\" src=\"\/\/lafiebredeloro.org\/wp-content\/plugins\/revslider\/sr6\/assets\/assets\/dummy.png\" alt=\"\" title=\"Minera\u00e7\u00e3o artesanal\" class=\"rev-slidebg tp-rs-img rs-lazyload\" data-lazyload=\"\/\/lafiebredeloro.org\/wp-content\/uploads\/2017\/03\/La-fiebre-del-oro-Mineria-artesanal-Impacto-social02_1500x450.jpg\" data-no-retina>\n<!---->\t\t\t\t\t<\/rs-slide>\n\t\t\t\t\t\t<rs-slide style=\"position: absolute;\" data-key=\"rs-10\" data-title=\"Slide\" data-thumb=\"\/\/lafiebredeloro.org\/wp-content\/uploads\/2017\/03\/La-fiebre-del-oro-Y-tu-que-puedes-hacer02_1500x450-100x50.jpg\" data-anim=\"adpr:false;\">\n\t\t\t\t\t\t\t<img decoding=\"async\" src=\"\/\/lafiebredeloro.org\/wp-content\/plugins\/revslider\/sr6\/assets\/assets\/dummy.png\" alt=\"\" title=\"Minera\u00e7\u00e3o artesanal\" class=\"rev-slidebg tp-rs-img rs-lazyload\" data-lazyload=\"\/\/lafiebredeloro.org\/wp-content\/uploads\/2017\/03\/La-fiebre-del-oro-Y-tu-que-puedes-hacer02_1500x450.jpg\" data-no-retina>\n<!---->\t\t\t\t\t<\/rs-slide>\n\t\t\t\t\t<\/rs-slides>\n\t\t\t\t<\/rs-module>\n\t\t\t\t<script>\n\t\t\t\t\tsetREVStartSize({c: 'rev_slider_3_2',rl:[1240,1024,778,480],el:[],gw:[1240],gh:[450],type:'standard',justify:'',layout:'fullwidth',mh:\"0\"});if (window.RS_MODULES!==undefined && window.RS_MODULES.modules!==undefined && window.RS_MODULES.modules[\"revslider32\"]!==undefined) {window.RS_MODULES.modules[\"revslider32\"].once = false;window.revapi3 = undefined;if (window.RS_MODULES.checkMinimal!==undefined) window.RS_MODULES.checkMinimal()}\n\t\t\t\t<\/script>\n\t\t\t<\/rs-module-wrap>\n\t\t\t<!-- END REVOLUTION SLIDER -->\n<\/div><\/div><\/section><section  id=\"section2\" class=\"content-section full-width with-col cover rella-no-padding rella-no-margin    content-section-69e760a566d09\"><div class=\"row vc_row-fluid\"><div class=\"wpb_column col-md-12\">[vc_separator color=&#8221;white&#8221; border_width=&#8221;10&#8243; css=&#8221;.vc_custom_1495461960044{padding-top: 10px !important;padding-bottom: 10px !important;}&#8221;]<\/div><\/div><\/section><section  id=\"consequencias\" class=\"content-section full-width with-col cover rella-no-padding rella-no-margin    content-section-69e760a566e39\"><div class=\"row vc_row-fluid\"><div class=\"wpb_column col-md-12\"><h2  class=\"section-title  mb-70 mb-sm-40 font-alt align-center\" style=\"margin-top:50px;margin-bottom:0px;\">CONSEQU\u00caNCIAS<\/h2><\/div><\/div><\/section><section  class=\"content-section full-width with-col cover rella-no-padding rella-no-margin    content-section-69e760a567046\"><div class=\"row vc_row-fluid\"><div class=\"wpb_column col-md-12\"><div class=\"tpl-tabs-wrapper ts-tabs\"><ul class=\"nav nav-tabs tpl-alt-tabs font-alt pt-30 pt-sm-0 pb-30 pb-sm-0 animate  tab_consecuencias\" ><li  class=\"active\"><a href=\"#ico1776771237-1726141034-0\" data-toggle=\"tab\"><div class=\"alt-tabs-icon\"><span class=\"icon-linegraph\"><\/span><\/div> Problemas ambientais<\/a><\/li><li ><a href=\"#ico1776771237-1726141034-1\" data-toggle=\"tab\"><div class=\"alt-tabs-icon\"><span class=\"icon-hazardous\"><\/span><\/div> Impacto social<\/a><\/li><li ><a href=\"#ico1776771237-1726141034-2\" data-toggle=\"tab\"><div class=\"alt-tabs-icon\"><span class=\"icon-global\"><\/span><\/div> Impacto econ\u00f3mico<\/a><\/li><\/ul><div class=\"tab-content tpl-tabs-cont section-text\"><div class=\"tab-pane fade in active\" id=\"ico1776771237-1726141034-0\"><section  class=\"content-section full-width with-col cover rella-no-padding rella-no-margin    content-section-69e760a567513\"><div class=\"row vc_row-fluid\"><div class=\"wpb_column col-md-2\"><\/div><div class=\"wpb_column col-md-8\"><h2  class=\"section-title  mb-70 mb-sm-40 font-alt align-left\" style=\"margin-bottom:20px;\">Problemas ambientais:<\/h2><div class=\"section-text text-block \" ><p>1. Eros\u00e3o provocada pela elimina\u00e7\u00e3o da vegeta\u00e7\u00e3o e diminui\u00e7\u00e3o da fertilidade das terras.<br \/>\n2. Obstru\u00e7\u00e3o da rede hidrogr\u00e1fica por sedimenta\u00e7\u00e3o devido \u00e0 abertura de imensas crateras.<br \/>\n3. Contamina\u00e7\u00e3o da \u00e1gua provocada pelo processo de tritura\u00e7\u00e3o e lavagem de pedra para a extra\u00e7\u00e3o, especialmente, do ouro. Mineiros artesanais no mundo inteiro utilizam merc\u00fario para a extra\u00e7\u00e3o do ouro. A t\u00e9cnica \u201cwhole-ore amalgamation\u201d usa 10-25 gr. de merc\u00fario para produzir 1 gr. de ouro. Durante os \u00faltimos anos tem sido evidenciado que esta t\u00e9cnica est\u00e1 amplamente espalhada sendo a minera\u00e7\u00e3o artesanal para extra\u00e7\u00e3o do ouro o primeiro e mais importante fator contaminante ou de polui\u00e7\u00e3o por merc\u00fario do mundo com 37% das emiss\u00f5es antropog\u00eanicas na atmosfera (PNUMA).<\/p>\n<\/div><\/div><div class=\"wpb_column col-md-2\"><\/div><\/div><\/section><\/div><div class=\"tab-pane fade\" id=\"ico1776771237-1726141034-1\"><section  class=\"content-section full-width with-col cover rella-no-padding rella-no-margin    content-section-69e760a567890\"><div class=\"row vc_row-fluid\"><div class=\"wpb_column col-md-2\"><\/div><div class=\"wpb_column col-md-8\"><h2  class=\"section-title  mb-70 mb-sm-40 font-alt align-left\" style=\"margin-bottom:20px;\">Impacto social:<\/h2><div class=\"section-text text-block \" ><p>1. Existem conflitos sociais entre garimpeiros e empresas que exploram formalmente os recursos naturais por via de concess\u00f5es mineiras e florestais.<br \/>\n2.\u00a0Deteriora\u00e7\u00e3o das condi\u00e7\u00f5es de trabalho uma vez que os operadores mineiros atuam em situa\u00e7\u00f5es prec\u00e1rias sem a observ\u00e2ncia de normas elementares de seguran\u00e7a e higiene no trabalho.<br \/>\n3.\u00a0Vida n\u00f3mada com prec\u00e1rias condi\u00e7\u00f5es de higiene e seguran\u00e7a numa depend\u00eancia extrema tanto em produtos alimentares como alternativas de gera\u00e7\u00e3o de rendimento, possibilidade de criatividade, de aprendizagem, de escolha da qualidade de trabalho, lazer, seguran\u00e7a, usufruto dos valores culturais e de sa\u00fade mental.<br \/>\n4.\u00a0Os movimentos migrat\u00f3rios e o aumento desorganizado da popula\u00e7\u00e3o pr\u00f3xima \u00e0s minas t\u00eam repercuss\u00f5es na assimetria e falta de servi\u00e7os b\u00e1sicos com m\u00ednima cobertura, tanto na educa\u00e7\u00e3o como na sa\u00fade.<br \/>\n5.\u00a0Separa\u00e7\u00e3o e fragmenta\u00e7\u00e3o das fam\u00edlias por per\u00edodos longos e colocando em primeiro plano o poder econ\u00f3mico em detrimento de outros valores que as identificavam.<br \/>\n6.\u00a0Observa-se o uso da m\u00e3o-de-obra infantil violando os direitos dos petizes e das comunidades em geral.<br \/>\n7.\u00a0Segundo UNICEF no ano 2012, 24% das jovens com idades entre 15 a 18 anos, tenham exercido a prostitui\u00e7\u00e3o em zonas de minera\u00e7\u00e3o.<br \/>\n8.\u00a0As Na\u00e7\u00f5es Unidas alertam sobre a correla\u00e7\u00e3o existente entre a ind\u00fastria extrativa e aumento das doen\u00e7as de transmiss\u00e3o sexual e o HIV.<\/p>\n<\/div><\/div><div class=\"wpb_column col-md-2\"><\/div><\/div><\/section><\/div><div class=\"tab-pane fade\" id=\"ico1776771237-1726141034-2\"><section  class=\"content-section full-width with-col cover rella-no-padding rella-no-margin    content-section-69e760a567b2d\"><div class=\"row vc_row-fluid\"><div class=\"wpb_column col-md-2\"><\/div><div class=\"wpb_column col-md-8\"><h2  class=\"section-title  mb-70 mb-sm-40 font-alt align-left\" style=\"margin-bottom:20px;\">IMPACTO ECON\u00d3MICO:<\/h2><div class=\"section-text text-block \" ><p>1.\u00a0A actividade mineira, em termos gerais, promove a minera\u00e7\u00e3o e comercializa\u00e7\u00e3o ilegal devido, em grande parte, as dificuldades para operar no mercado formal que enfrentam os mineiros.<br \/>\n2. O CTV informa que a inseguran\u00e7a alimentar e nutricional tem aumentado como consequ\u00eancia do abandono da agricultura para trabalhar na minera\u00e7\u00e3o artesanal.<\/p>\n<\/div><\/div><div class=\"wpb_column col-md-2\"><\/div><\/div><\/section><\/div><\/div><\/div><\/div><\/div><\/section><section  id=\"ligacoes\" class=\"content-section full-width with-col cover rella-no-padding rella-no-margin bg-dark-alfa-50   content-section-69e760a568092\" data-background=https:\/\/lafiebredeloro.org\/wp-content\/uploads\/2017\/03\/La-fiebre-del-oro-Mineria-artesanal-Enlaces.jpg><div class=\"row vc_row-fluid\"><div class=\"wpb_column col-md-12\"><section  class=\"content-section full-width with-col cover rella-no-padding rella-no-margin    content-section-69e760a568268\"><div class=\"row vc_row-fluid\"><div class=\"wpb_column col-md-12\"><h2  class=\"section-title  mb-70 mb-sm-40 font-alt align-left\" style=\"color:#ffffff;font-size:30px;margin-top:30px;margin-bottom:30px;\">LIGA\u00c7\u00d5ES DE INTERESSE<a href=\"#\" title=\"button\" target=\"_self\" class=\"section-more right \"><i class=\"fa fa-angle-right\"><\/i><\/a><\/h2><\/div><\/div><\/section><\/div><\/div><\/section><section  class=\"content-section full-width with-col cover rella-no-padding custom-margin    content-section-69e760a568479\"><div class=\"row vc_row-fluid\"><div class=\"wpb_column col-md-4\"><div class=\"section-text text-block \" ><h2 style=\"font-size: 18px\"><a class=\"section-title mb-70 mb-sm-40 font-alt align-left\" style=\"text-decoration: none\" href=\"http:\/\/conflictminerals.es\/\" target=\"_blank\" rel=\"noopener noreferrer\">Campanha &#8220;Conflict Minerals&#8221;<\/a><\/h2>\n<p>Uma campanha de\u00a0<a href=\"http:\/\/www.justiciaipau.org\/ca\/\" target=\"_blank\" rel=\"noopener noreferrer\">Just\u00edcia i Pau<\/a>\u00a0para dar a conhecer a rela\u00e7\u00e3o existente entre os produtos tecnol\u00f3gicos e os conflitos armados e viola\u00e7\u00f5es dos direitos humanos nos pa\u00edses onde se extraem os minerais necess\u00e1rios para o seu fabrico, sendo um deles o ouro.<\/p>\n<\/div><\/div><div class=\"wpb_column col-md-4\"><div class=\"section-text text-block \" ><h2 style=\"font-size: 18px\"><a class=\"section-title mb-70 mb-sm-40 font-alt align-left\" style=\"text-decoration: none\" href=\"http:\/\/www.ctv.org.mz\/\" target=\"_blank\" rel=\"noopener noreferrer\">Centro Terra Viva \u2013 Estudos e Direito Ambiental<\/a><\/h2>\n<p>ONG mo\u00e7ambicana, colaboradora da medicusmundi, de investiga\u00e7\u00e3o e interven\u00e7\u00e3o ambiental. Re\u00fane profissionais de diferentes \u00e1reas de gest\u00e3o do meio ambiente e dos recursos naturais. Trabalham em especial a Lei do meio ambiente, conserva\u00e7\u00e3o e gest\u00e3o ambiental, a informa\u00e7\u00e3o e educa\u00e7\u00e3o ambiental, a economia rural e a sociologia ambiental.<\/p>\n<\/div><\/div><div class=\"wpb_column col-md-4\"><div class=\"section-text text-block \" ><h2 style=\"font-size: 18px\"><a class=\"section-title mb-70 mb-sm-40 font-alt align-left\" style=\"text-decoration: none\" href=\"http:\/\/www.dialogos.dk\" target=\"_blank\" rel=\"noopener noreferrer\">&#8220;Di\u00e1logos&#8221; ONG dinamarquesa<\/a><\/h2>\n<p>Colaboradora da medicusmundi, que centra o seu trabalho na investiga\u00e7\u00e3o sobre a minera\u00e7\u00e3o artesanal, em especial nos pa\u00edses em vias de desenvolvimento, e os seus efeitos sociais e ambientais. <\/p>\n<\/div><\/div><\/div><\/section><section  class=\"content-section full-width with-col cover rella-no-padding custom-margin    content-section-69e760a568b74\"><div class=\"row vc_row-fluid\"><div class=\"wpb_column col-md-4\"><div class=\"section-text text-block \" ><h2 style=\"font-size: 18px\"><a class=\"section-title mb-70 mb-sm-40 font-alt align-left\" style=\"text-decoration: none\" href=\"https:\/\/www.youtube.com\/watch?v=X6Sawj0HyF0\" target=\"_blank\" rel=\"noopener noreferrer\">Usos alternativos ao merc\u00fario<\/a><\/h2>\n<p>O ouro pode ser processado sem merc\u00fario.<\/p>\n<\/div><\/div><div class=\"wpb_column col-md-4\"><div class=\"section-text text-block \" ><h2 style=\"font-size: 18px\"><a class=\"section-title mb-70 mb-sm-40 font-alt align-left\" style=\"text-decoration: none\" href=\"http:\/\/www.mercuryconvention.org\/\" target=\"_blank\" rel=\"noopener noreferrer\">Conv\u00e9nio Minamata<\/a><\/h2>\n<p>O Conv\u00e9nio de Minamata sobre Merc\u00fario \u00e9 um tratado mundial para proteger a sa\u00fade humana e o meio ambiente dos efeitos adversos do merc\u00fario.<\/p>\n<\/div><\/div><div class=\"wpb_column col-md-4\"><\/div><\/div><\/section><section  class=\"content-section full-width with-col cover custom-padding custom-margin    content-section-69e760a568fb6\"><div class=\"row vc_row-fluid\"><div class=\"wpb_column col-md-12\"><div  class=\"align-center\"><h3 class=\"banner-heading font-alt \" style=\"color:#ffaa00;\">E VOC\u00ca, QUE \u00c9 QUE PODE FAZER?<\/h3><div><a href=\"http:\/\/lafiebredeloro.org\/pt-pt\/e-voce-que-e-que-pode-fazer\/\" title=\"button\" target=\"_self\" class=\"btn btn-mod btn-w btn-medium btn-round cta-btn-custom-69e760a569186\">+ INFO<\/a><\/div><\/div> <\/div><\/div><\/section><section  class=\"content-section full-width with-col cover custom-padding rella-no-margin   imagen_footer  content-section-69e760a5691f2\"><div class=\"row vc_row-fluid\"><div class=\"wpb_column col-md-3\"><\/div><div class=\"wpb_column col-md-3\">[vc_single_image image=&#8221;3605&#8243; img_size=&#8221;full&#8221; alignment=&#8221;right&#8221; onclick=&#8221;custom_link&#8221; img_link_target=&#8221;_blank&#8221; link=&#8221;http:\/\/www.medicusmundi.cat\/&#8221;]<\/div><div class=\"wpb_column col-md-3\">[vc_single_image image=&#8221;3606&#8243; img_size=&#8221;full&#8221; onclick=&#8221;custom_link&#8221; link=&#8221;http:\/\/kanakifilms.com\/inicio.html&#8221;]<\/div><div class=\"wpb_column col-md-3\"><\/div><\/div><\/section><section  class=\"content-section full-width with-col cover custom-padding rella-no-margin   imagen_footer  content-section-69e760a569409\"><div class=\"row vc_row-fluid\"><div class=\"wpb_column col-md-4\"><\/div><div class=\"wpb_column col-md-4\"><div class=\"section-text text-block align-center\" ><h5 style=\"text-align: center\"><span style=\"color: #000000\"><a style=\"color: #000000\" href=\"http:\/\/www.medicusmundi.cat\/pt\/\" target=\"_blank\" rel=\"noopener noreferrer\">BLOG<\/a><\/span><\/h5>\n<\/div><\/div><div class=\"wpb_column col-md-4\"><\/div><\/div><\/section>\n<\/div>","protected":false},"excerpt":{"rendered":"[vc_separator color=\"white\" border_width=\"10\" css=\".vc_custom_1495461960044{padding-top: 10px !important;padding-bottom: 10px !important;}\"]CONTEXTOMo\u00e7ambique, e em particular a prov\u00edncia de Cabo Delgado, tem experimentado nos \u00faltimos anos um incremento em rela\u00e7\u00e3o \u00e0 explora\u00e7\u00e3o de recursos minerais. Diferenciam-se dos principais tipos de actividade: (1) a ind\u00fastria extractiva formal focalizada principalmente na extra\u00e7\u00e3o de petr\u00f3leos, g\u00e1s, carv\u00e3o e outros minerais fosseis e (2)","protected":false},"author":1,"featured_media":0,"parent":0,"menu_order":0,"comment_status":"closed","ping_status":"closed","template":"","meta":{"footnotes":""},"class_list":["post-3568","page","type-page","status-publish","hentry"],"_links":{"self":[{"href":"https:\/\/lafiebredeloro.org\/pt-pt\/wp-json\/wp\/v2\/pages\/3568","targetHints":{"allow":["GET"]}}],"collection":[{"href":"https:\/\/lafiebredeloro.org\/pt-pt\/wp-json\/wp\/v2\/pages"}],"about":[{"href":"https:\/\/lafiebredeloro.org\/pt-pt\/wp-json\/wp\/v2\/types\/page"}],"author":[{"embeddable":true,"href":"https:\/\/lafiebredeloro.org\/pt-pt\/wp-json\/wp\/v2\/users\/1"}],"replies":[{"embeddable":true,"href":"https:\/\/lafiebredeloro.org\/pt-pt\/wp-json\/wp\/v2\/comments?post=3568"}],"version-history":[{"count":12,"href":"https:\/\/lafiebredeloro.org\/pt-pt\/wp-json\/wp\/v2\/pages\/3568\/revisions"}],"predecessor-version":[{"id":4377,"href":"https:\/\/lafiebredeloro.org\/pt-pt\/wp-json\/wp\/v2\/pages\/3568\/revisions\/4377"}],"wp:attachment":[{"href":"https:\/\/lafiebredeloro.org\/pt-pt\/wp-json\/wp\/v2\/media?parent=3568"}],"curies":[{"name":"wp","href":"https:\/\/api.w.org\/{rel}","templated":true}]}}