{"id":3561,"date":"2015-03-26T12:58:51","date_gmt":"2015-03-26T12:58:51","guid":{"rendered":"http:\/\/lafiebredeloro.org\/en\/contacto\/"},"modified":"2019-03-29T13:03:46","modified_gmt":"2019-03-29T13:03:46","slug":"contact","status":"publish","type":"page","link":"https:\/\/lafiebredeloro.org\/en\/contact\/","title":{"rendered":"Contact"},"content":{"rendered":"<div class=\"wpb-content-wrapper\"><section class=\"content-section full-width with-col cover no-padding custom-margin    content-section-69e7734b14f26\"><div class=\"row vc_row-fluid\"><div class=\"wpb_column col-md-12\"><h2  class=\"section-title  mb-70 mb-sm-40 font-alt align-center\" >MEDICUSMUNDI MEDITERR\u00c0NIA<\/h2><\/div><\/div><\/section><section  class=\"content-section full-width with-col cover no-padding custom-margin    content-section-69e7734b1518b\"><div class=\"row vc_row-fluid\"><div class=\"wpb_column col-md-8 col-lg-offset-2\"><section  class=\"content-section full-width with-col cover rella-no-padding rella-no-margin    content-section-69e7734b15590\"><div class=\"row vc_row-fluid\"><div class=\"wpb_column col-md-4 col-sm-6\"><div class=\"pt-20 pb-20 pb-xs-0\" ><div class=\"contact-item\"><div class=\"ci-icon \" ><i class=\"fa fa-phone\"><\/i><\/div><div class=\"ci-title font-alt\" >PHONE<\/div><div class=\"ci-text\" style=\"font-size:15px;\">\n<p class=\"p1\"><span class=\"s1\">+00 34 93 418 47 62<\/span><\/p>\n<p><\/p><\/div><\/div><\/div><\/div><div class=\"wpb_column col-md-4 col-sm-6\"><div class=\"pt-20 pb-20 pb-xs-0\" ><div class=\"contact-item\"><div class=\"ci-icon \" ><i class=\"fa fa-map-marker\"><\/i><\/div><div class=\"ci-title font-alt\" style=\"font-size:12px;\">ADDRESS<\/div><div class=\"ci-text\" style=\"font-size:15px;\">C\/ Pau Alsina, 112, 1\u00ba \u2013 Edificio P\u00f3dium<br \/>\n08024 Barcelona (Catalu\u00f1a, Espa\u00f1a)\n<h5><a href=\"http:\/\/medicusmundi.es\" target=\"_blank\" rel=\"noopener noreferrer\">www.medicusmundi.es<\/a><br \/>\n<a href=\"http:\/\/medicusmundi.cat\" target=\"_blank\" rel=\"noopener noreferrer\">www.medicusmundi.cat<\/a><\/h5>\n<p><\/p><\/div><\/div><\/div><\/div><div class=\"wpb_column col-md-4 col-sm-6\"><div class=\"pt-20 pb-20 pb-xs-0\" ><div class=\"contact-item\"><div class=\"ci-icon \" ><i class=\"fa fa-envelope\"><\/i><\/div><div class=\"ci-title font-alt\" >E-MAIL<\/div><div class=\"ci-text\" style=\"font-size:15px;\">mediterrania@medicusmundi.es<\/div><\/div><\/div><\/div><\/div><\/section><\/div><\/div><\/section><section  class=\"content-section full-width with-col cover rella-no-padding rella-no-margin    content-section-69e7734b15c30\"><div class=\"row vc_row-fluid\"><div class=\"wpb_column col-md-8 col-lg-offset-2\"><div class=\"section-text text-block \" ><p>Subscribe\u00a0to our newsletter\u00a0and\u00a0receive info about medicusmundi mediterr\u00e0nia<\/p>\n<\/div><\/div><\/div><\/section><section  class=\"content-section full-width with-col cover rella-no-padding rella-no-margin    content-section-69e7734b15e70\"><div class=\"row vc_row-fluid\"><div class=\"wpb_column col-md-8 col-lg-offset-2\"><div  class=\"mb-10\"><a href=\"http:\/\/www.medicusmundi.cat\/vols-rebre-el-nostre-butlleti?lang=en\" title=\"button\" target=\"_blank\" class=\"btn  btn-mod  btn-large btn-border btn-round\"><i class=\"fa fa-external-link\"><\/i> SUBSCRIBE <\/a><\/div><\/div><\/div><\/section><section  class=\"content-section full-width with-col cover rella-no-padding mt-70 mb-70 mt-xs-50 mb-xs-50    content-section-69e7734b160ba\"><div class=\"row vc_row-fluid\"><div class=\"wpb_column col-md-12\">[vc_separator color=&#8221;white&#8221;]<\/div><\/div><\/section><section  class=\"content-section full-width is-fluid cover custom-padding rella-no-margin    content-section-69e7734b16215\"><div class=\"row vc_row-fluid\"><div class=\"wpb_column col-md-12\"><div  class=\"align-center\"><h3 class=\"banner-heading font-alt \" style=\"color:#ffaa00;\">SO WHAT CAN YOU DO?<\/h3><div><a href=\"http:\/\/lafiebredeloro.org\/en\/so-what-can-you-do\/\" title=\"button\" target=\"_self\" class=\"btn btn-mod btn-w btn-medium btn-round cta-btn-custom-69e7734b163c7\">+ INFO<\/a><\/div><\/div> <\/div><\/div><\/section><section  class=\"content-section full-width with-col cover custom-padding rella-no-margin   imagen_footer  content-section-69e7734b16439\"><div class=\"row vc_row-fluid\"><div class=\"wpb_column col-md-3\"><\/div><div class=\"wpb_column col-md-3\">[vc_single_image image=&#8221;3605&#8243; img_size=&#8221;full&#8221; alignment=&#8221;right&#8221; onclick=&#8221;custom_link&#8221; img_link_target=&#8221;_blank&#8221; link=&#8221;http:\/\/www.medicusmundi.cat\/&#8221;]<\/div><div class=\"wpb_column col-md-3\">[vc_single_image image=&#8221;3606&#8243; img_size=&#8221;full&#8221; onclick=&#8221;custom_link&#8221; img_link_target=&#8221;_blank&#8221; link=&#8221;http:\/\/kanakifilms.com\/inicio.html&#8221;]<\/div><div class=\"wpb_column col-md-3\"><\/div><\/div><\/section><section  class=\"content-section full-width with-col cover custom-padding rella-no-margin   imagen_footer  content-section-69e7734b16661\"><div class=\"row vc_row-fluid\"><div class=\"wpb_column col-md-4\"><\/div><div class=\"wpb_column col-md-4\"><div class=\"section-text text-block align-center\" ><h5 style=\"text-align: center\"><span style=\"color: #000000\"><a style=\"color: #000000\" href=\"http:\/\/www.medicusmundi.cat\/en\/\" target=\"_blank\" rel=\"noopener noreferrer\">BLOG<\/a><\/span><\/h5>\n<\/div><\/div><div class=\"wpb_column col-md-4\"><\/div><\/div><\/section>\n<\/div>","protected":false},"excerpt":{"rendered":"MEDICUSMUNDI MEDITERR\u00c0NIAPHONE +00 34 93 418 47 62 ADDRESSC\/ Pau Alsina, 112, 1\u00ba \u2013 Edificio P\u00f3dium 08024 Barcelona (Catalu\u00f1a, Espa\u00f1a) www.medicusmundi.es www.medicusmundi.cat E-MAILmediterrania@medicusmundi.esSubscribe\u00a0to our newsletter\u00a0and\u00a0receive info about medicusmundi mediterr\u00e0nia SUBSCRIBE [vc_separator color=\"white\"]SO WHAT CAN YOU DO?+ INFO [vc_single_image image=\"3605\" img_size=\"full\" alignment=\"right\" onclick=\"custom_link\" img_link_target=\"_blank\" link=\"http:\/\/www.medicusmundi.cat\/\"][vc_single_image image=\"3606\" img_size=\"full\" onclick=\"custom_link\" img_link_target=\"_blank\" link=\"http:\/\/kanakifilms.com\/inicio.html\"]BLOG","protected":false},"author":1,"featured_media":0,"parent":0,"menu_order":0,"comment_status":"open","ping_status":"closed","template":"","meta":{"footnotes":""},"class_list":["post-3561","page","type-page","status-publish","hentry"],"_links":{"self":[{"href":"https:\/\/lafiebredeloro.org\/en\/wp-json\/wp\/v2\/pages\/3561","targetHints":{"allow":["GET"]}}],"collection":[{"href":"https:\/\/lafiebredeloro.org\/en\/wp-json\/wp\/v2\/pages"}],"about":[{"href":"https:\/\/lafiebredeloro.org\/en\/wp-json\/wp\/v2\/types\/page"}],"author":[{"embeddable":true,"href":"https:\/\/lafiebredeloro.org\/en\/wp-json\/wp\/v2\/users\/1"}],"replies":[{"embeddable":true,"href":"https:\/\/lafiebredeloro.org\/en\/wp-json\/wp\/v2\/comments?post=3561"}],"version-history":[{"count":16,"href":"https:\/\/lafiebredeloro.org\/en\/wp-json\/wp\/v2\/pages\/3561\/revisions"}],"predecessor-version":[{"id":4072,"href":"https:\/\/lafiebredeloro.org\/en\/wp-json\/wp\/v2\/pages\/3561\/revisions\/4072"}],"wp:attachment":[{"href":"https:\/\/lafiebredeloro.org\/en\/wp-json\/wp\/v2\/media?parent=3561"}],"curies":[{"name":"wp","href":"https:\/\/api.w.org\/{rel}","templated":true}]}}