{"id":4174,"date":"2015-03-24T07:43:35","date_gmt":"2015-03-24T07:43:35","guid":{"rendered":"https:\/\/lafiebredeloro.org\/play\/"},"modified":"2023-12-15T10:43:31","modified_gmt":"2023-12-15T10:43:31","slug":"play","status":"publish","type":"page","link":"https:\/\/lafiebredeloro.org\/ca\/","title":{"rendered":"Home"},"content":{"rendered":"<div class=\"wpb-content-wrapper\"><section class=\"content-section full-width is-fluid cover no-padding no-margin    content-section-69e4d21a4ba8a\"><div class=\"row vc_row-fluid\"><div class=\"wpb_column col-md-12\"><section class=\"home-section bg-dark-alfa-50 parallax-2 \"  data-background=https:\/\/lafiebredeloro.org\/wp-content\/uploads\/2015\/03\/CARTEL-LFDO-PARA-WEB-v08.png id=\"home\"><div class=\"js-height-full container\"><div class=\"home-content\"><div class=\"home-text\"><div><a href=\"https:\/\/www.youtube.com\/watch?v=ZVVR5zhwF-A#action=share\" class=\"big-icon-link lightbox-gallery-1 mfp-iframe\"><span class=\"big-icon\"><i class=\"fa fa-play\"><\/i><\/span><\/a><\/div><h1 class=\"hs-line-14 font-alt mb-50 mb-xs-20\" style=\"color:#ebb200;\">LA FIEBRE DEL ORO<\/h1><h2 class=\"hs-line-8 no-transp font-alt\" style=\"color:#ebb200;\">Un documental de MEDICUS MUNDI i KANAKI FILMS<\/h2><\/div><\/div><div class=\"local-scroll\"><a href=\"#about\" title=\"button\" target=\"_self\" class=\"scroll-down \"><i class=\"fa fa-angle-down scroll-down-icon\"><\/i><\/a><\/div><\/div><\/section><\/div><\/div><\/section><section  class=\"content-section full-width with-col cover custom-padding rella-no-margin   sinopsis  content-section-69e4d21a4c072\"><div class=\"row vc_row-fluid\"><div class=\"wpb_column col-md-4\">[vc_empty_space height=&#8221;110px&#8221;]<blockquote class=\"mb-0 \" ><div style=\"color:#4e342e;\"><p><em>Per\u00f2 no \u00e9s massa petita, per tanta ambici\u00f3, la Terra sencera?<\/em>\u00a0<strong><br \/>\n<\/strong>&#8211; Friedrich Nietzsche<\/p>\n<\/div><\/blockquote><\/div><div class=\"wpb_column col-md-8\"><h2  class=\"section-title  mb-70 mb-sm-40 font-alt align-center\" style=\"color:#4e342e;\">SINOPSI<\/h2><div class=\"section-text text-block align-left\" ><p>A Cabo Delgado, Mo\u00e7ambic, la pobresa de la poblaci\u00f3 i la riquesa del subs\u00f2l continuen sent inconciliables, fins al punt de provocar la mort de centenars de miners artesanals. En Marcelino s\u2019endinsa a la terra intentant trobar rob\u00ed en un forat com aquell en el que va morir el seu germ\u00e0. En Toni treballa sense descans en una mina on amb prou feines hi queda or. Aquestes s\u00f3n nom\u00e9s dues de les hist\u00f2ries d&#8217;aquest rec\u00f2ndit lloc del planeta, per\u00f2\u2026 sabies que la teva salut tamb\u00e9 dep\u00e8n de la seva feina?<\/p>\n<\/div><\/div><\/div><\/section><section  class=\"content-section full-width with-col cover rella-no-padding rella-no-margin    content-section-69e4d21a4c5cb\"><div class=\"row vc_row-fluid\"><div class=\"wpb_column col-md-4\"><\/div><div class=\"wpb_column col-md-8\"><div  class=\"align-center\"><a href=\"http:\/\/lafiebredeloro.org\/pelicula\/#section1\" class=\"section-more font-alt\" title=\"link\" target=\"_self\">M\u00c9S INFO <i class=\"fa fa-angle-right\"><\/i><\/a><\/div><\/div><\/div><\/section><section  class=\"content-section full-width with-col cover rella-no-padding rella-no-margin    content-section-69e4d21a4c83a\"><div class=\"row vc_row-fluid\"><div class=\"wpb_column col-md-12\"><div  class=\"clear rs-space\" style=\"height:60px;\"><\/div><section  class=\"content-section full-width with-col cover rella-no-padding rella-no-margin    content-section-69e4d21a4cdbd\"><div class=\"row vc_row-fluid\"><div class=\"wpb_column col-md-3\"><div class=\"section-text text-block align-center\" style=\"font-size:44px;line-height:44px;\"><h3 style=\"font-size: 44px;margin: 0px;font-weight: 300;color: #4e342e\">1.000 <strong style=\"font-size: 12px\"><strong>milions\u00a0<\/strong><\/strong><i class=\"fa fa-usd\"><\/i><\/h3>\n<\/div><div class=\"section-text text-block align-center\" style=\"font-size:13px;\"><p>\u00c9S EL VALOR DEL JACIMENT DE ROB\u00cd A LA REGI\u00d3 DE CABO DELGADO \u2013 MONTEPUEZ<\/p>\n<\/div><\/div><div class=\"wpb_column col-md-3\"><div class=\"section-text text-block align-center\" style=\"font-size:44px;line-height:44px;\"><h3 style=\"font-size: 44px;margin: 0px;font-weight: 300;color: #4e342e\">1.25 <i class=\"fa fa-usd\"><\/i><\/h3>\n<\/div><div class=\"section-text text-block align-center\" style=\"font-size:13px;\"><p>AL DIA \u00c9S LA MITJANA D\u2019INGRESSOS AMB QU\u00c8 VIU LA POBLACI\u00d3 DE MO\u00c7AMBIC<\/p>\n<\/div><\/div><div class=\"wpb_column col-md-3\"><div class=\"section-text text-block align-center\" style=\"font-size:44px;line-height:44px;\"><h3 style=\"font-size: 44px;margin: 0px;font-weight: 300;color: #4e342e\">1-15 <strong style=\"font-size: 12px\"><strong>grams\u00a0 \u00a0<\/strong><\/strong><i class=\"fa fa-balance-scale\"><\/i><\/h3>\n<\/div><div class=\"section-text text-block align-center\" style=\"font-size:13px;\"><p>QUANTITAT DE MERCURI PER A OBTENIR UN GRAM D\u2019OR<\/p>\n<\/div><\/div><div class=\"wpb_column col-md-3\"><div class=\"section-text text-block align-center\" style=\"font-size:44px;line-height:44px;\"><h3 style=\"font-size: 44px;margin: 0px;font-weight: 300;color: #4e342e\">40 <i class=\"fa fa-percent\"><\/i><\/h3>\n<\/div><div class=\"section-text text-block align-center\" style=\"font-size:13px;\"><p>EMISSIONS PLANET\u00c0RIES DE MERCURI QUE PROVENEN DE LA MINERIA ARTESANAL<\/p>\n<\/div><\/div><\/div><\/section><div  class=\"clear rs-space\" style=\"height:70px;\"><\/div><\/div><\/div><\/section><section  class=\"content-section full-width with-col cover custom-padding rella-no-margin   y_tu_antiguo  content-section-69e4d21a4d7f8\"><div class=\"row vc_row-fluid\"><div class=\"wpb_column col-md-12\"><h2  class=\"section-title  mb-70 mb-sm-40 font-alt align-center\" style=\"color:#4e342e;margin-bottom:0px;\">I TU, QU\u00c8 POTS FER?<\/h2><section  class=\"content-section full-width with-col cover rella-no-padding custom-margin    content-section-69e4d21a4da13\"><div class=\"row vc_row-fluid\"><div class=\"wpb_column col-md-3\"><a class=\"alt-features-link\" href=\"http:\/\/lafiebredeloro.org\/y-tu-que-puedes-hacer\/\" target=\"_self\" title=\"\"><div  class=\"alt-features-item align-center\"><div class=\"alt-features-icon\" ><span class=\"icon-refresh\"><\/span><\/div><h3 class=\"alt-features-title font-alt\" style=\"margin-top:0px;\">CONSUMO RESPONSABLE<\/h3><\/div><\/a><\/div><div class=\"wpb_column col-md-3\"><a class=\"alt-features-link\" href=\"http:\/\/lafiebredeloro.org\/y-tu-que-puedes-hacer\/\" target=\"_self\" title=\"\"><div  class=\"alt-features-item align-center\"><div class=\"alt-features-icon\" ><span class=\"icon-piechart\"><\/span><\/div><h3 class=\"alt-features-title font-alt\" style=\"margin-top:0px;\">PARTICIPA<\/h3><\/div><\/a><\/div><div class=\"wpb_column col-md-3\"><a class=\"alt-features-link\" href=\"http:\/\/lafiebredeloro.org\/y-tu-que-puedes-hacer\/\" target=\"_self\" title=\"\"><div  class=\"alt-features-item align-center\"><div class=\"alt-features-icon\" ><span class=\"icon-megaphone\"><\/span><\/div><h3 class=\"alt-features-title font-alt\" style=\"margin-top:0px;\">COLABORA<\/h3><\/div><\/a><\/div><div class=\"wpb_column col-md-3\"><a class=\"alt-features-link\" href=\"http:\/\/lafiebredeloro.org\/y-tu-que-puedes-hacer\/\" target=\"_self\" title=\"\"><div  class=\"alt-features-item align-center\"><div class=\"alt-features-icon\" ><span class=\"icon-puzzle\"><\/span><\/div><h3 class=\"alt-features-title font-alt\" style=\"margin-top:0px;\">INF\u00d3RMATE Y DIFUNDE<\/h3><\/div><\/a><\/div><\/div><\/section><\/div><\/div><\/section><section  class=\"content-section full-width with-col cover custom-padding custom-margin    content-section-69e4d21a4debc\"><div class=\"row vc_row-fluid\"><div class=\"wpb_column col-md-12\"><div  class=\"align-center\"><h3 class=\"banner-heading font-alt \" style=\"color:#ffaa00;\">I TU, QU\u00c8 POTS FER?<\/h3><div><a href=\"http:\/\/lafiebredeloro.org\/ca\/i-tu-que-pots-fer\" title=\"button\" target=\"_self\" class=\"btn btn-mod btn-w btn-medium btn-round cta-btn-custom-69e4d21a4e072\">+ info<\/a><\/div><\/div> <\/div><\/div><\/section><section  class=\"content-section full-width with-col cover rella-no-padding custom-margin    content-section-69e4d21a4e0d6\"><div class=\"row vc_row-fluid\"><div class=\"wpb_column col-md-12\"><h2  class=\"section-title  mb-70 mb-sm-40 font-alt align-center\" style=\"color:#4e342e;margin-top:70px;margin-bottom:0px;\">UNA PRODUCCI\u00d3 DE...<\/h2><\/div><\/div><\/section><section  class=\"content-section full-width with-col cover custom-padding rella-no-margin    content-section-69e4d21a4e2c8\"><div class=\"row vc_row-fluid\"><div class=\"wpb_column col-md-2\"><\/div><div class=\"wpb_column col-md-4\">[vc_single_image image=&#8221;4346&#8243; img_size=&#8221;165&#215;106&#8243; alignment=&#8221;center&#8221; onclick=&#8221;custom_link&#8221; img_link_target=&#8221;_blank&#8221; link=&#8221;http:\/\/www.medicusmundi.cat&#8221;]<div class=\"section-text text-block \" ><p>Defensem el dret a la salut a tot el m\u00f3n mitjan\u00e7ant l\u2019enfortiment i la promoci\u00f3 de sistemes p\u00fablics que salut basats en l\u2019Atenci\u00f3 Prim\u00e0ria. Perqu\u00e8 la vida no t\u00e9 preu.<\/p>\n<\/div><\/div><div class=\"wpb_column col-md-4\">[vc_single_image image=&#8221;4345&#8243; img_size=&#8221;165&#215;106&#8243; alignment=&#8221;center&#8221; onclick=&#8221;custom_link&#8221; img_link_target=&#8221;_blank&#8221; link=&#8221;http:\/\/kanakifilms.com\/inicio.html&#8221;]<div class=\"section-text text-block \" ><p>Som una productora especialitzada en cinema documental amb visi\u00f3 internacional, amb rodatges en m\u00e9s de 22 pa\u00efsos i nombrosos premis en festivals d\u2019arreu del m\u00f3n.<\/p>\n<\/div><\/div><div class=\"wpb_column col-md-2\"><\/div><\/div><\/section><section  class=\"content-section full-width with-col cover custom-padding rella-no-margin bg-dark-alfa-70  boton_enlaces  content-section-69e4d21a4e942\" data-background=https:\/\/lafiebredeloro.org\/wp-content\/uploads\/2015\/03\/La-fiebre-del-oro-Home-colaboradores.jpg><div class=\"row vc_row-fluid\"><div class=\"wpb_column col-md-3\"><div class=\"section-text text-block alinear_izquierda align-right\" style=\"color:#ffffff;\"><p class=\"p1\">Amb el finan\u00e7ament de<\/p>\n<\/div><\/div><div class=\"wpb_column col-md-3\">[vc_single_image image=&#8221;4347&#8243; img_size=&#8221;full&#8221; onclick=&#8221;custom_link&#8221; img_link_target=&#8221;_blank&#8221; link=&#8221;http:\/\/www.aecid.es\/ES&#8221;]<\/div><div class=\"wpb_column col-md-3\"><div class=\"section-text text-block alinear_izquierda align-right\" style=\"color:#ffffff;\"><p class=\"p1\">Amb el suport en la difusi\u00f3 de<\/p>\n<\/div><\/div><div class=\"wpb_column col-md-3\">[vc_single_image image=&#8221;4350&#8243; img_size=&#8221;70&#215;48&#8243; onclick=&#8221;custom_link&#8221; img_link_target=&#8221;_blank&#8221; link=&#8221;https:\/\/eeas.europa.eu\/delegations\/mozambique_pt&#8221;][vc_single_image image=&#8221;4360&#8243; img_size=&#8221;medium&#8221; onclick=&#8221;custom_link&#8221; img_link_target=&#8221;_blank&#8221; link=&#8221;https:\/\/ajuntament.barcelona.cat\/ca\/&#8221;]<\/div><\/div><\/section><section  class=\"content-section full-width with-col cover rella-no-padding rella-no-margin    content-section-69e4d21a4edc1\"><div class=\"row vc_row-fluid\"><div class=\"wpb_column col-md-12\">[vc_separator color=&#8221;white&#8221;]<div class=\"section-text text-block \" ><p style=\"text-align: center\">Aquest documental ha estat realitzat amb el suport financer de l\u2019Agencia Espa\u00f1ola de Cooperaci\u00f3n Internacional para el Desarrollo (AECID), amb c\u00e0rrec al Conveni 14-CO1-424: \u201cEnfortiment, Promoci\u00f3 i Defensa de l\u2019Atenci\u00f3 Prim\u00e0ria de Salut a Mo\u00e7ambic\u201d.<\/p>\n<\/div><\/div><\/div><\/section><section  class=\"content-section full-width with-col cover custom-padding rella-no-margin   imagen_footer  content-section-69e4d21a4efd3\"><div class=\"row vc_row-fluid\"><div class=\"wpb_column col-md-3\"><\/div><div class=\"wpb_column col-md-3\">[vc_single_image image=&#8221;4352&#8243; img_size=&#8221;full&#8221; alignment=&#8221;right&#8221; onclick=&#8221;custom_link&#8221; img_link_target=&#8221;_blank&#8221; link=&#8221;http:\/\/www.medicusmundi.cat\/&#8221;]<\/div><div class=\"wpb_column col-md-3\">[vc_single_image image=&#8221;4353&#8243; img_size=&#8221;full&#8221; onclick=&#8221;custom_link&#8221; img_link_target=&#8221;_blank&#8221; link=&#8221;http:\/\/kanakifilms.com\/inicio.html&#8221;]<\/div><div class=\"wpb_column col-md-3\"><\/div><\/div><\/section><section  class=\"content-section full-width with-col cover custom-padding rella-no-margin   imagen_footer  content-section-69e4d21a4f26e\"><div class=\"row vc_row-fluid\"><div class=\"wpb_column col-md-4\"><\/div><div class=\"wpb_column col-md-4\"><div class=\"section-text text-block align-center\" ><h5 style=\"text-align: center\"><span style=\"color: #000000\"><a style=\"color: #000000\" href=\"https:\/\/www.medicusmundi.cat\/\" target=\"_blank\" rel=\"noopener noreferrer\">BLOG<\/a><\/span><\/h5>\n<\/div><\/div><div class=\"wpb_column col-md-4\"><\/div><\/div><\/section>\n<\/div>","protected":false},"excerpt":{"rendered":"LA FIEBRE DEL OROUn documental de MEDICUS MUNDI i KANAKI FILMS[vc_empty_space height=\"110px\"]Per\u00f2 no \u00e9s massa petita, per tanta ambici\u00f3, la Terra sencera?\u00a0 - Friedrich Nietzsche SINOPSIA Cabo Delgado, Mo\u00e7ambic, la pobresa de la poblaci\u00f3 i la riquesa del subs\u00f2l continuen sent inconciliables, fins al punt de provocar la mort de centenars de miners artesanals. En","protected":false},"author":1,"featured_media":0,"parent":0,"menu_order":0,"comment_status":"open","ping_status":"closed","template":"","meta":{"footnotes":""},"class_list":["post-4174","page","type-page","status-publish","hentry"],"_links":{"self":[{"href":"https:\/\/lafiebredeloro.org\/ca\/wp-json\/wp\/v2\/pages\/4174","targetHints":{"allow":["GET"]}}],"collection":[{"href":"https:\/\/lafiebredeloro.org\/ca\/wp-json\/wp\/v2\/pages"}],"about":[{"href":"https:\/\/lafiebredeloro.org\/ca\/wp-json\/wp\/v2\/types\/page"}],"author":[{"embeddable":true,"href":"https:\/\/lafiebredeloro.org\/ca\/wp-json\/wp\/v2\/users\/1"}],"replies":[{"embeddable":true,"href":"https:\/\/lafiebredeloro.org\/ca\/wp-json\/wp\/v2\/comments?post=4174"}],"version-history":[{"count":11,"href":"https:\/\/lafiebredeloro.org\/ca\/wp-json\/wp\/v2\/pages\/4174\/revisions"}],"predecessor-version":[{"id":4471,"href":"https:\/\/lafiebredeloro.org\/ca\/wp-json\/wp\/v2\/pages\/4174\/revisions\/4471"}],"wp:attachment":[{"href":"https:\/\/lafiebredeloro.org\/ca\/wp-json\/wp\/v2\/media?parent=4174"}],"curies":[{"name":"wp","href":"https:\/\/api.w.org\/{rel}","templated":true}]}}