{"id":4147,"date":"2017-03-20T09:25:02","date_gmt":"2017-03-20T09:25:02","guid":{"rendered":"https:\/\/lafiebredeloro.org\/mineria-artesanal\/"},"modified":"2019-11-22T11:05:37","modified_gmt":"2019-11-22T11:05:37","slug":"mineria-artesanal","status":"publish","type":"page","link":"https:\/\/lafiebredeloro.org\/ca\/mineria-artesanal\/","title":{"rendered":"Mineria Artesanal"},"content":{"rendered":"<div class=\"wpb-content-wrapper\"><section class=\"content-section full-width is-fluid cover rella-no-padding rella-no-margin    content-section-69e760a04ea6f\"><div class=\"row vc_row-fluid\"><div class=\"wpb_column col-md-12\">\n\t\t\t<!-- START Slider mineria REVOLUTION SLIDER 6.7.38 --><p class=\"rs-p-wp-fix\"><\/p>\n\t\t\t<rs-module-wrap id=\"rev_slider_2_1_wrapper\" data-source=\"gallery\" style=\"visibility:hidden;background:transparent;padding:0;margin:0px auto;margin-top:0;margin-bottom:0;\">\n\t\t\t\t<rs-module id=\"rev_slider_2_1\" style=\"\" data-version=\"6.7.38\">\n\t\t\t\t\t<rs-slides style=\"overflow: hidden; position: absolute;\">\n\t\t\t\t\t\t<rs-slide style=\"position: absolute;\" data-key=\"rs-4\" data-title=\"Slide\" data-thumb=\"\/\/lafiebredeloro.org\/wp-content\/uploads\/2017\/03\/La-fiebre-del-oro-Mineria-artesanal-contexto_1-100x50.jpg\" data-anim=\"adpr:false;\">\n\t\t\t\t\t\t\t<img decoding=\"async\" src=\"\/\/lafiebredeloro.org\/wp-content\/plugins\/revslider\/sr6\/assets\/assets\/dummy.png\" alt=\"\" title=\"Mineria Artesanal\" class=\"rev-slidebg tp-rs-img rs-lazyload\" data-lazyload=\"\/\/lafiebredeloro.org\/wp-content\/uploads\/2017\/03\/La-fiebre-del-oro-Mineria-artesanal-contexto_1.jpg\" data-no-retina>\n<!---->\t\t\t\t\t<\/rs-slide>\n\t\t\t\t\t\t<rs-slide style=\"position: absolute;\" data-key=\"rs-5\" data-title=\"Slide\" data-thumb=\"\/\/lafiebredeloro.org\/wp-content\/uploads\/2017\/03\/La-fiebre-del-oro-Mineria-artesanal-contexto_2-100x50.jpg\" data-anim=\"adpr:false;\">\n\t\t\t\t\t\t\t<img decoding=\"async\" src=\"\/\/lafiebredeloro.org\/wp-content\/plugins\/revslider\/sr6\/assets\/assets\/dummy.png\" alt=\"\" title=\"Mineria Artesanal\" class=\"rev-slidebg tp-rs-img rs-lazyload\" data-lazyload=\"\/\/lafiebredeloro.org\/wp-content\/uploads\/2017\/03\/La-fiebre-del-oro-Mineria-artesanal-contexto_2.jpg\" data-no-retina>\n<!---->\t\t\t\t\t<\/rs-slide>\n\t\t\t\t\t\t<rs-slide style=\"position: absolute;\" data-key=\"rs-6\" data-title=\"Slide\" data-thumb=\"\/\/lafiebredeloro.org\/wp-content\/uploads\/2017\/03\/La-fiebre-del-oro-Mineria-artesanal-contexto_3-100x50.jpg\" data-anim=\"adpr:false;\">\n\t\t\t\t\t\t\t<img decoding=\"async\" src=\"\/\/lafiebredeloro.org\/wp-content\/plugins\/revslider\/sr6\/assets\/assets\/dummy.png\" alt=\"\" title=\"Mineria Artesanal\" class=\"rev-slidebg tp-rs-img rs-lazyload\" data-lazyload=\"\/\/lafiebredeloro.org\/wp-content\/uploads\/2017\/03\/La-fiebre-del-oro-Mineria-artesanal-contexto_3.jpg\" data-no-retina>\n<!---->\t\t\t\t\t<\/rs-slide>\n\t\t\t\t\t<\/rs-slides>\n\t\t\t\t<\/rs-module>\n\t\t\t\t<script>\n\t\t\t\t\tsetREVStartSize({c: 'rev_slider_2_1',rl:[1240,1024,778,480],el:[],gw:[1240],gh:[450],type:'standard',justify:'',layout:'fullwidth',mh:\"0\"});if (window.RS_MODULES!==undefined && window.RS_MODULES.modules!==undefined && window.RS_MODULES.modules[\"revslider21\"]!==undefined) {window.RS_MODULES.modules[\"revslider21\"].once = false;window.revapi2 = undefined;if (window.RS_MODULES.checkMinimal!==undefined) window.RS_MODULES.checkMinimal()}\n\t\t\t\t<\/script>\n\t\t\t<\/rs-module-wrap>\n\t\t\t<!-- END REVOLUTION SLIDER -->\n<\/div><\/div><\/section><section  id=\"section1\" class=\"content-section full-width with-col cover rella-no-padding rella-no-margin    content-section-69e760a053e98\"><div class=\"row vc_row-fluid\"><div class=\"wpb_column col-md-12\">[vc_separator color=&#8221;white&#8221; border_width=&#8221;10&#8243; css=&#8221;.vc_custom_1495461960044{padding-top: 10px !important;padding-bottom: 10px !important;}&#8221;]<\/div><\/div><\/section><section  id=\"context\" class=\"content-section full-width with-col cover rella-no-padding custom-margin    content-section-69e760a054027\"><div class=\"row vc_row-fluid\"><div class=\"wpb_column col-md-12\"><h2  class=\"section-title  mb-70 mb-sm-40 font-alt align-center\" style=\"color:#4e342e;\">CONTEXT<\/h2><section  class=\"content-section full-width with-col cover rella-no-padding rella-no-margin    content-section-69e760a05424e\"><div class=\"row vc_row-fluid\"><div class=\"wpb_column col-md-6\"><div class=\"section-text text-block \" ><p>Mo\u00e7ambic, en particular la prov\u00edncia de Cabo Delgado, ha experimentat en els \u00faltims anys un increment en l\u2019exploraci\u00f3 de recursos minerals. S\u2019hi distingeixen dos tipus principals d\u2019activitat: (1) la ind\u00fastria extractiva formal, focalitzada sobretot en l\u2019extracci\u00f3 de petroli, gas, carb\u00f3 i altres minerals f\u00f2ssils, i (2) la mineria artesanal, informal i de petita escala, per\u00f2 amb una repercussi\u00f3 directa en el desenvolupament social, econ\u00f2mic, de salut i ambiental en els territoris. L\u2019exerceixen treballadors coneguts com a \u201cgarimpeiros\u201d. L\u2019atenci\u00f3 governamental, d\u2019empreses internacionals, d\u2019organitzacions internacionals i nacionals que treballen per una gesti\u00f3 eficient i distributiva dels recursos s\u2019ha centrat en la ind\u00fastria formal, i la mineria artesanal encara no rep l\u2019atenci\u00f3 necess\u00e0ria per tal d\u2019alertar i minimitzar els riscos que provoca.<\/p>\n<\/div><\/div><div class=\"wpb_column col-md-6\"><div class=\"section-text text-block \" ><p>L\u2019augment de la mineria artesanal s\u2019emmarca en les condicions de subdesenvolupament del pa\u00eds. M\u00e9s de la meitat de la poblaci\u00f3 mo\u00e7ambiquesa viu en situaci\u00f3 de pobresa absoluta i l\u2019agricultura \u00e9s la font principal de superviv\u00e8ncia. L\u2019escassedat de pluges, la precarietat de les t\u00e8cniques i els canvis clim\u00e0tics han redu\u00eft la producci\u00f3 i empitjorat les condicions de vida. La mineria artesanal ha proliferat degut als alts nivells de pobresa de les zones rurals, l\u2019atur generalitzat \u2013especialment entre els joves-, la manca d\u2019oportunitats per continuar estudiant, la toler\u00e0ncia del govern i els elevats rendiments que, en ocasions, es poden obtenir de l\u2019explotaci\u00f3 minera.<\/p>\n<\/div><\/div><\/div><\/section><\/div><\/div><\/section><section  class=\"content-section full-width is-fluid cover rella-no-padding rella-no-margin    content-section-69e760a05457c\"><div class=\"row vc_row-fluid\"><div class=\"wpb_column col-md-12\">\n\t\t\t<!-- START Slider mineria 2 REVOLUTION SLIDER 6.7.38 --><p class=\"rs-p-wp-fix\"><\/p>\n\t\t\t<rs-module-wrap id=\"rev_slider_3_2_wrapper\" data-source=\"gallery\" style=\"visibility:hidden;background:transparent;padding:0;margin:0px auto;margin-top:0;margin-bottom:0;\">\n\t\t\t\t<rs-module id=\"rev_slider_3_2\" style=\"\" data-version=\"6.7.38\">\n\t\t\t\t\t<rs-slides style=\"overflow: hidden; position: absolute;\">\n\t\t\t\t\t\t<rs-slide style=\"position: absolute;\" data-key=\"rs-8\" data-title=\"Slide\" data-thumb=\"\/\/lafiebredeloro.org\/wp-content\/uploads\/2017\/03\/La-fiebre-del-oro-Mineria-artesanal-Problemas-ambientales_1500x450-100x50.jpg\" data-anim=\"adpr:false;\">\n\t\t\t\t\t\t\t<img decoding=\"async\" src=\"\/\/lafiebredeloro.org\/wp-content\/plugins\/revslider\/sr6\/assets\/assets\/dummy.png\" alt=\"\" title=\"Mineria Artesanal\" class=\"rev-slidebg tp-rs-img rs-lazyload\" data-lazyload=\"\/\/lafiebredeloro.org\/wp-content\/uploads\/2017\/03\/La-fiebre-del-oro-Mineria-artesanal-Problemas-ambientales_1500x450.jpg\" data-no-retina>\n<!---->\t\t\t\t\t<\/rs-slide>\n\t\t\t\t\t\t<rs-slide style=\"position: absolute;\" data-key=\"rs-9\" data-title=\"Slide\" data-thumb=\"\/\/lafiebredeloro.org\/wp-content\/uploads\/2017\/03\/La-fiebre-del-oro-Mineria-artesanal-Impacto-social02_1500x450-100x50.jpg\" data-anim=\"adpr:false;\">\n\t\t\t\t\t\t\t<img decoding=\"async\" src=\"\/\/lafiebredeloro.org\/wp-content\/plugins\/revslider\/sr6\/assets\/assets\/dummy.png\" alt=\"\" title=\"Mineria Artesanal\" class=\"rev-slidebg tp-rs-img rs-lazyload\" data-lazyload=\"\/\/lafiebredeloro.org\/wp-content\/uploads\/2017\/03\/La-fiebre-del-oro-Mineria-artesanal-Impacto-social02_1500x450.jpg\" data-no-retina>\n<!---->\t\t\t\t\t<\/rs-slide>\n\t\t\t\t\t\t<rs-slide style=\"position: absolute;\" data-key=\"rs-10\" data-title=\"Slide\" data-thumb=\"\/\/lafiebredeloro.org\/wp-content\/uploads\/2017\/03\/La-fiebre-del-oro-Y-tu-que-puedes-hacer02_1500x450-100x50.jpg\" data-anim=\"adpr:false;\">\n\t\t\t\t\t\t\t<img decoding=\"async\" src=\"\/\/lafiebredeloro.org\/wp-content\/plugins\/revslider\/sr6\/assets\/assets\/dummy.png\" alt=\"\" title=\"Mineria Artesanal\" class=\"rev-slidebg tp-rs-img rs-lazyload\" data-lazyload=\"\/\/lafiebredeloro.org\/wp-content\/uploads\/2017\/03\/La-fiebre-del-oro-Y-tu-que-puedes-hacer02_1500x450.jpg\" data-no-retina>\n<!---->\t\t\t\t\t<\/rs-slide>\n\t\t\t\t\t<\/rs-slides>\n\t\t\t\t<\/rs-module>\n\t\t\t\t<script>\n\t\t\t\t\tsetREVStartSize({c: 'rev_slider_3_2',rl:[1240,1024,778,480],el:[],gw:[1240],gh:[450],type:'standard',justify:'',layout:'fullwidth',mh:\"0\"});if (window.RS_MODULES!==undefined && window.RS_MODULES.modules!==undefined && window.RS_MODULES.modules[\"revslider32\"]!==undefined) {window.RS_MODULES.modules[\"revslider32\"].once = false;window.revapi3 = undefined;if (window.RS_MODULES.checkMinimal!==undefined) window.RS_MODULES.checkMinimal()}\n\t\t\t\t<\/script>\n\t\t\t<\/rs-module-wrap>\n\t\t\t<!-- END REVOLUTION SLIDER -->\n<\/div><\/div><\/section><section  id=\"section2\" class=\"content-section full-width with-col cover rella-no-padding rella-no-margin    content-section-69e760a05548a\"><div class=\"row vc_row-fluid\"><div class=\"wpb_column col-md-12\">[vc_separator color=&#8221;white&#8221; border_width=&#8221;10&#8243; css=&#8221;.vc_custom_1495461960044{padding-top: 10px !important;padding-bottom: 10px !important;}&#8221;]<\/div><\/div><\/section><section  id=\"consequencies\" class=\"content-section full-width with-col cover rella-no-padding rella-no-margin    content-section-69e760a0555a5\"><div class=\"row vc_row-fluid\"><div class=\"wpb_column col-md-12\"><h2  class=\"section-title  mb-70 mb-sm-40 font-alt align-center\" style=\"margin-top:50px;margin-bottom:0px;\">CONSEQ\u00dc\u00c8NCIES<\/h2><\/div><\/div><\/section><section  class=\"content-section full-width with-col cover rella-no-padding rella-no-margin    content-section-69e760a0557a5\"><div class=\"row vc_row-fluid\"><div class=\"wpb_column col-md-12\"><div class=\"tpl-tabs-wrapper ts-tabs\"><ul class=\"nav nav-tabs tpl-alt-tabs font-alt pt-30 pt-sm-0 pb-30 pb-sm-0 animate  tab_consecuencias\" ><li  class=\"active\"><a href=\"#ico1776771232-1820585344-0\" data-toggle=\"tab\"><div class=\"alt-tabs-icon\"><span class=\"icon-linegraph\"><\/span><\/div> PROBLEMES MEDIAMBIENTALS<\/a><\/li><li ><a href=\"#ico1776771232-1820585344-1\" data-toggle=\"tab\"><div class=\"alt-tabs-icon\"><span class=\"icon-hazardous\"><\/span><\/div> IMPACTE SOCIAL<\/a><\/li><li ><a href=\"#ico1776771232-1820585344-2\" data-toggle=\"tab\"><div class=\"alt-tabs-icon\"><span class=\"icon-global\"><\/span><\/div> IMPACTE ECON\u00d2MIC<\/a><\/li><\/ul><div class=\"tab-content tpl-tabs-cont section-text\"><div class=\"tab-pane fade in active\" id=\"ico1776771232-1820585344-0\"><section  class=\"content-section full-width with-col cover rella-no-padding rella-no-margin    content-section-69e760a055ccc\"><div class=\"row vc_row-fluid\"><div class=\"wpb_column col-md-2\"><\/div><div class=\"wpb_column col-md-8\"><h2  class=\"section-title  mb-70 mb-sm-40 font-alt align-left\" style=\"margin-bottom:20px;\">PROBLEMES MEDIAMBIENTALS:<\/h2><div class=\"section-text text-block \" ><p>1. Erosi\u00f3 a causa de l\u2019abs\u00e8ncia de vegetaci\u00f3 i la menor fertilitat de les terres.<br \/>\n2. Obstrucci\u00f3 de la xarxa hidrogr\u00e0fica causada per la sedimentaci\u00f3, degut als immensos cr\u00e0ters.<br \/>\n3. Contaminaci\u00f3 de l\u2019aigua, provocada pel proc\u00e9s de triturat i rentat de pedres en l\u2019extracci\u00f3, principalment de l\u2019or. Miners artesanals de tot el m\u00f3n utilitzen el mercuri per a l\u2019extracci\u00f3 d\u2019or. La t\u00e8cnica \u201cwhole-ore amalgamation\u201d empra 10-25 gr. de mercuri per a produir 1 gr. d\u2019or. Durant els \u00faltims anys s\u2019ha constatat que aquesta t\u00e8cnica est\u00e0 \u00e0mpliament estesa. La mineria artesanal per extracci\u00f3 d\u2019or s\u2019ha convertit en el primer i m\u00e9s important factor contaminant per mercuri al m\u00f3n, implicant el 37% de les emissions per acci\u00f3 humana a l\u2019atmosfera (PNUMA).<\/p>\n<\/div><\/div><div class=\"wpb_column col-md-2\"><\/div><\/div><\/section><\/div><div class=\"tab-pane fade\" id=\"ico1776771232-1820585344-1\"><section  class=\"content-section full-width with-col cover rella-no-padding rella-no-margin    content-section-69e760a05604c\"><div class=\"row vc_row-fluid\"><div class=\"wpb_column col-md-2\"><\/div><div class=\"wpb_column col-md-8\"><h2  class=\"section-title  mb-70 mb-sm-40 font-alt align-left\" style=\"margin-bottom:20px;\">IMPACTE SOCIAL:<\/h2><div class=\"section-text text-block \" ><p>1. Existeixen conflictes socials entre els miners i les empreses que exploten formalment els recursos naturals a trav\u00e9s de concessions mineres i forestals.<br \/>\n2. Deteriorament de les condicions laborals, ja que els miners treballen en situacions prec\u00e0ries que incompleixen les normatives elementals de seguretat i higiene al treball.<br \/>\n3. Vida n\u00f2mada, amb prec\u00e0ries condicions d\u2019higiene i seguretat, i depend\u00e8ncia extrema en els productes alimentaris, aix\u00ed com una limitaci\u00f3 en les alternatives de generaci\u00f3 d\u2019ingressos, possibilitats creatives, d\u2019aprenentatge, d\u2019elecci\u00f3 de la qualitat de la feina, oci, seguretat, valors culturals i salut mental.<br \/>\n4. Els moviments migratoris i l\u2019augment desorganitzat de la poblaci\u00f3 propera a les mines provoquen asimetries i mancan\u00e7a de serveis b\u00e0sics, amb una cobertura sanit\u00e0ria m\u00ednima tant en educaci\u00f3 com en salut.<br \/>\n5. Separaci\u00f3 i fragmentaci\u00f3 de les fam\u00edlies durant per\u00edodes prolongats; les necessitats econ\u00f2miques prevalen sobre els valors tradicionals.<br \/>\n6. S\u2019observa l\u2019\u00fas de m\u00e0 d\u2019obra infantil, tot vulnerant els drets dels menors i de les comunitats en general.<br \/>\n7. Segons l\u2019UNICEF, l\u2019any 2012 el 24% de les dones joves d\u2019entre 15 i 18 anys havien exercit la prostituci\u00f3 en zones mineres.<br \/>\n8. Les Nacions Unides alerten d\u2019una correlaci\u00f3 entre la ind\u00fastria extractiva i l\u2019augment de les ETS i del VIH.<\/p>\n<\/div><\/div><div class=\"wpb_column col-md-2\"><\/div><\/div><\/section><\/div><div class=\"tab-pane fade\" id=\"ico1776771232-1820585344-2\"><section  class=\"content-section full-width with-col cover rella-no-padding rella-no-margin    content-section-69e760a0562ea\"><div class=\"row vc_row-fluid\"><div class=\"wpb_column col-md-2\"><\/div><div class=\"wpb_column col-md-8\"><h2  class=\"section-title  mb-70 mb-sm-40 font-alt align-left\" style=\"margin-bottom:20px;\">IMPACTE ECON\u00d2MIC:<\/h2><div class=\"section-text text-block \" ><p>1. L\u2019activitat minera, en termes generals, promou l\u2019extracci\u00f3 i comercialitzaci\u00f3 il\u00b7legals degut, en bona mesura, a les dificultats dels miners per operar al si del mercat formal.<br \/>\n2. El Centro Terra Viva informa del fet que la inseguretat aliment\u00e0ria i nutricional ha augmentat com a conseq\u00fc\u00e8ncia de l\u2019abandonament de l\u2019agricultura en favor de la mineria artesanal.<\/p>\n<\/div><\/div><div class=\"wpb_column col-md-2\"><\/div><\/div><\/section><\/div><\/div><\/div><\/div><\/div><\/section><section  id=\"section3\" class=\"content-section full-width with-col cover rella-no-padding rella-no-margin    content-section-69e760a056534\"><div class=\"row vc_row-fluid\"><div class=\"wpb_column col-md-12\">[vc_separator color=&#8221;white&#8221; border_width=&#8221;10&#8243; css=&#8221;.vc_custom_1495546518809{padding-top: 25px !important;padding-bottom: 25px !important;}&#8221;]<\/div><\/div><\/section><section  id=\"enlla\u00e7os\" class=\"content-section full-width with-col cover rella-no-padding rella-no-margin bg-dark-alfa-50   content-section-69e760a056986\" data-background=https:\/\/lafiebredeloro.org\/wp-content\/uploads\/2017\/03\/La-fiebre-del-oro-Mineria-artesanal-Enlaces.jpg><div class=\"row vc_row-fluid\"><div class=\"wpb_column col-md-12\"><section  class=\"content-section full-width with-col cover rella-no-padding rella-no-margin    content-section-69e760a056b52\"><div class=\"row vc_row-fluid\"><div class=\"wpb_column col-md-12\"><h2  class=\"section-title  mb-70 mb-sm-40 font-alt align-left\" style=\"color:#ffffff;font-size:30px;margin-top:30px;margin-bottom:30px;\">ENLLA\u00c7OS D\u2019INTER\u00c8S<a href=\"#\" title=\"button\" target=\"_self\" class=\"section-more right \"><i class=\"fa fa-angle-right\"><\/i><\/a><\/h2><\/div><\/div><\/section><\/div><\/div><\/section><section  class=\"content-section full-width with-col cover rella-no-padding custom-margin    content-section-69e760a0579b3\"><div class=\"row vc_row-fluid\"><div class=\"wpb_column col-md-4\"><div class=\"section-text text-block \" ><h2 style=\"font-size: 18px\"><a class=\"section-title mb-70 mb-sm-40 font-alt align-left\" style=\"text-decoration: none\" href=\"http:\/\/conflictminerals.es\/\" target=\"_blank\" rel=\"noopener noreferrer\">CAMPANYA &#8220;CONFLICT MINERALS&#8221;<\/a><\/h2>\n<p>Una campanya de <a href=\"http:\/\/www.justiciaipau.org\/ca\/\">Just\u00edcia i Pau<\/a> per donar a con\u00e8ixer la relaci\u00f3 que hi ha entre els productes tecnol\u00f2gics i els conflictes armats i violacions de drets humans als pa\u00efsos on s\u2019extreuen els minerals necessaris per a la seva fabricaci\u00f3. L\u2019or \u00e9s un d\u2019aquests minerals.<\/p>\n<\/div><\/div><div class=\"wpb_column col-md-4\"><div class=\"section-text text-block \" ><h2 style=\"font-size: 18px\"><a class=\"section-title mb-70 mb-sm-40 font-alt align-left\" style=\"text-decoration: none\" href=\"http:\/\/www.ctv.org.mz\/\" target=\"_blank\" rel=\"noopener noreferrer\">CENTRO TERRA VIVA &#8211; ESTUDIS I DRET AMBIENTAL<\/a><\/h2>\n<p>ONG mo\u00e7ambiquesa, col\u00b7laboradora de medicusmundi, de recerca i intervenci\u00f3 ambiental. Reuneix a professionals de diferents \u00e0rees de gesti\u00f3 del medi ambient i els recursos naturals. En especial, treballen la Llei del medi ambient, conservaci\u00f3 i gesti\u00f3 ambiental, la informaci\u00f3 i educaci\u00f3 ambiental, l\u2019economia rural i la sociologia ambiental.<\/p>\n<\/div><\/div><div class=\"wpb_column col-md-4\"><div class=\"section-text text-block \" ><h2 style=\"font-size: 18px\"><a class=\"section-title mb-70 mb-sm-40 font-alt align-left\" style=\"text-decoration: none\" href=\"http:\/\/www.dialogos.dk\" target=\"_blank\" rel=\"noopener noreferrer\">&#8220;DI\u00c1LOGOS&#8221; ONG DANESA<\/a><\/h2>\n<p>Col\u00b7laboradora de medicusmundi, que centra la seva feina en la investigaci\u00f3 sobre la mineria artesanal, en especial en pa\u00efsos en desenvolupament, i els seus efectes socials i mediambientals.<\/p>\n<\/div><\/div><\/div><\/section><section  class=\"content-section full-width with-col cover rella-no-padding custom-margin    content-section-69e760a05810f\"><div class=\"row vc_row-fluid\"><div class=\"wpb_column col-md-4\"><div class=\"section-text text-block \" ><h2 style=\"font-size: 18px\"><a class=\"section-title mb-70 mb-sm-40 font-alt align-left\" style=\"text-decoration: none\" href=\"https:\/\/www.responsiblemines.org\/\" target=\"_blank\" rel=\"noopener noreferrer\">ALIANZA POR LA MINER\u00cdA RESPONSABLE <\/a><\/h2>\n<p>Iniciativa global que t\u00e9 per objectiu transformar la mineria artesanal i de petita escala (MAPE) en una activitat socialment i ambientalment responsable que millori la qualitat de vida dels miners artesanals i del seu entorn.<\/p>\n<\/div><\/div><div class=\"wpb_column col-md-4\"><div class=\"section-text text-block \" ><h2 style=\"font-size: 18px\"><a class=\"section-title mb-70 mb-sm-40 font-alt align-left\" style=\"text-decoration: none\" href=\"https:\/\/www.youtube.com\/watch?v=X6Sawj0HyF0\" target=\"_blank\" rel=\"noopener noreferrer\">MAKE ICT FAIR <\/a><\/h2>\n<p>Projecte impulsat per 11 socis europeus per a promoure unes TIC justes i reformar les cadenes de subministrament de la manufactura i dels minerals a trav\u00e9s de regulacions, finances i compra p\u00fablica.<\/p>\n<\/div><\/div><div class=\"wpb_column col-md-4\"><div class=\"section-text text-block \" ><h2 style=\"font-size: 18px\"><a class=\"section-title mb-70 mb-sm-40 font-alt align-left\" style=\"text-decoration: none\" href=\"http:\/\/www.mercuryconvention.org\/\" target=\"_blank\" rel=\"noopener noreferrer\">CONVENI MINAMATA<\/a><\/h2>\n<p>El Conveni de Minamata sobre Mercuri \u00e9s un tractat mundial per protegir la salut humana i el medi ambient dels efectes adversos del mercuri.<\/p>\n<\/div><\/div><\/div><\/section><section  class=\"content-section full-width with-col cover rella-no-padding custom-margin    content-section-69e760a058698\"><div class=\"row vc_row-fluid\"><div class=\"wpb_column col-md-4\"><div class=\"section-text text-block \" ><h2 style=\"font-size: 18px\"><a class=\"section-title mb-70 mb-sm-40 font-alt align-left\" style=\"text-decoration: none\" href=\"https:\/\/www.youtube.com\/watch?v=X6Sawj0HyF0\" target=\"_blank\" rel=\"noopener noreferrer\">USOS ALTERNATIUS AL MERCURI\u00a0<\/a><\/h2>\n<p>L\u2019or es pot processar sense mercuri. V\u00eddeo explicatiu sobre l\u2019extracci\u00f3 d\u2019or en la mineria de petita escala mitjan\u00e7ant b\u00f2rax, un nou m\u00e8tode mediambientalment sostenible i alternatiu al mercuri.<\/p>\n<\/div><\/div><div class=\"wpb_column col-md-4\"><div class=\"section-text text-block \" ><h2 style=\"font-size: 18px\"><a class=\"section-title mb-70 mb-sm-40 font-alt align-left\" style=\"text-decoration: none\" href=\"https:\/\/www.documaniatv.com\/social\/las-sombras-del-oro-video_32be099cb.html\" target=\"_blank\" rel=\"noopener noreferrer\">LAS SOMBRAS DEL ORO\u00a0 <\/a><\/h2>\n<p>Documental que analitza l\u2019extracci\u00f3 d\u2019or. Explora els dos costats de la ind\u00fastria: les grans empreses mineres que excaven les profunditats de les muntanyes, i els miners artesanals, prop de 20 milions de persones dels pa\u00efsos m\u00e9s empobrits del m\u00f3n, que extreuen l\u2019or a m\u00e0.<\/p>\n<\/div><\/div><div class=\"wpb_column col-md-4\"><div class=\"section-text text-block \" ><h2 style=\"font-size: 18px\"><a class=\"section-title mb-70 mb-sm-40 font-alt align-left\" style=\"text-decoration: none\" href=\"https:\/\/vimeo.com\/143363033\" target=\"_blank\" rel=\"noopener noreferrer\">VIATGE AL PUNT ZERO DE LA TECNOLOGIA <\/a><\/h2>\n<p>Reportatge \u00a0que viatja al cor de les mines de Congo, d&#8217;on s&#8217;extreuen els minerals (coure, or, estany, tungst\u00e8, coltan) que alimenten els grans protagonistes de la nostra era digital: els aparells electr\u00f2nics.\u00a0 En aquesta zona on s&#8217;hi juga la guerra m\u00e9s mort\u00edfera del planeta.<\/p>\n<\/div><\/div><\/div><\/section><section  class=\"content-section full-width with-col cover custom-padding custom-margin    content-section-69e760a058c85\"><div class=\"row vc_row-fluid\"><div class=\"wpb_column col-md-12\"><div  class=\"align-center\"><h3 class=\"banner-heading font-alt \" style=\"color:#ffaa00;\">I TU, QU\u00c8 POTS FER?<\/h3><div><a href=\"http:\/\/lafiebredeloro.org\/ca\/i-tu-que-pots-fer\/\" title=\"button\" target=\"_self\" class=\"btn btn-mod btn-w btn-medium btn-round cta-btn-custom-69e760a058e3f\">+ INFO<\/a><\/div><\/div> <\/div><\/div><\/section><section  class=\"content-section full-width with-col cover custom-padding rella-no-margin   imagen_footer  content-section-69e760a058eac\"><div class=\"row vc_row-fluid\"><div class=\"wpb_column col-md-3\"><\/div><div class=\"wpb_column col-md-3\">[vc_single_image image=&#8221;4352&#8243; img_size=&#8221;full&#8221; alignment=&#8221;right&#8221; onclick=&#8221;custom_link&#8221; img_link_target=&#8221;_blank&#8221; link=&#8221;http:\/\/www.medicusmundi.cat\/&#8221;]<\/div><div class=\"wpb_column col-md-3\">[vc_single_image image=&#8221;4353&#8243; img_size=&#8221;full&#8221; onclick=&#8221;custom_link&#8221; img_link_target=&#8221;_blank&#8221; link=&#8221;http:\/\/kanakifilms.com\/inicio.html&#8221;]<\/div><div class=\"wpb_column col-md-3\"><\/div><\/div><\/section><section  class=\"content-section full-width with-col cover custom-padding rella-no-margin   imagen_footer  content-section-69e760a0590d3\"><div class=\"row vc_row-fluid\"><div class=\"wpb_column col-md-4\"><\/div><div class=\"wpb_column col-md-4\"><div class=\"section-text text-block align-center\" ><h5 style=\"text-align: center\"><span style=\"color: #000000\"><a style=\"color: #000000\" href=\"http:\/\/www.medicusmundi.cat\" target=\"_blank\" rel=\"noopener noreferrer\">BLOG<\/a><\/span><\/h5>\n<\/div><\/div><div class=\"wpb_column col-md-4\"><\/div><\/div><\/section>\n<\/div>","protected":false},"excerpt":{"rendered":"[vc_separator color=\"white\" border_width=\"10\" css=\".vc_custom_1495461960044{padding-top: 10px !important;padding-bottom: 10px !important;}\"]CONTEXTMo\u00e7ambic, en particular la prov\u00edncia de Cabo Delgado, ha experimentat en els \u00faltims anys un increment en l\u2019exploraci\u00f3 de recursos minerals. S\u2019hi distingeixen dos tipus principals d\u2019activitat: (1) la ind\u00fastria extractiva formal, focalitzada sobretot en l\u2019extracci\u00f3 de petroli, gas, carb\u00f3 i altres minerals f\u00f2ssils, i (2) la mineria","protected":false},"author":1,"featured_media":0,"parent":0,"menu_order":0,"comment_status":"closed","ping_status":"closed","template":"","meta":{"footnotes":""},"class_list":["post-4147","page","type-page","status-publish","hentry"],"_links":{"self":[{"href":"https:\/\/lafiebredeloro.org\/ca\/wp-json\/wp\/v2\/pages\/4147","targetHints":{"allow":["GET"]}}],"collection":[{"href":"https:\/\/lafiebredeloro.org\/ca\/wp-json\/wp\/v2\/pages"}],"about":[{"href":"https:\/\/lafiebredeloro.org\/ca\/wp-json\/wp\/v2\/types\/page"}],"author":[{"embeddable":true,"href":"https:\/\/lafiebredeloro.org\/ca\/wp-json\/wp\/v2\/users\/1"}],"replies":[{"embeddable":true,"href":"https:\/\/lafiebredeloro.org\/ca\/wp-json\/wp\/v2\/comments?post=4147"}],"version-history":[{"count":13,"href":"https:\/\/lafiebredeloro.org\/ca\/wp-json\/wp\/v2\/pages\/4147\/revisions"}],"predecessor-version":[{"id":4396,"href":"https:\/\/lafiebredeloro.org\/ca\/wp-json\/wp\/v2\/pages\/4147\/revisions\/4396"}],"wp:attachment":[{"href":"https:\/\/lafiebredeloro.org\/ca\/wp-json\/wp\/v2\/media?parent=4147"}],"curies":[{"name":"wp","href":"https:\/\/api.w.org\/{rel}","templated":true}]}}