{"id":4136,"date":"2017-03-20T17:22:39","date_gmt":"2017-03-20T17:22:39","guid":{"rendered":"https:\/\/lafiebredeloro.org\/pelicula\/"},"modified":"2023-12-15T10:37:55","modified_gmt":"2023-12-15T10:37:55","slug":"pellicula","status":"publish","type":"page","link":"https:\/\/lafiebredeloro.org\/ca\/pellicula\/","title":{"rendered":"Pel\u00b7l\u00edcula"},"content":{"rendered":"<div class=\"wpb-content-wrapper\"><section class=\"content-section full-width is-fluid cover rella-no-padding rella-no-margin    content-section-69e760a7735c7\"><div class=\"row vc_row-fluid\"><div class=\"wpb_column col-md-12\"><section class=\"home-section bg-dark-alfa-50 parallax-2 \"  data-background=https:\/\/lafiebredeloro.org\/wp-content\/uploads\/2015\/03\/Ver-documental_La-fiebre-del-oro.jpg id=\"home\"><div class=\"js-height-full container\"><div class=\"home-content\"><div class=\"home-text\"><div><a href=\"https:\/\/www.youtube.com\/watch?v=ZVVR5zhwF-A#action=share\" class=\"big-icon-link lightbox-gallery-1 mfp-iframe\"><span class=\"big-icon\"><i class=\"fa fa-play\"><\/i><\/span><\/a><\/div><h1 class=\"hs-line-14 font-alt mb-50 mb-xs-20\" style=\"color:#ebb200;\">LA FIEBRE DEL ORO<\/h1><h2 class=\"hs-line-8 no-transp font-alt\" style=\"color:#ebb200;\"><\/h2><\/div><\/div><div class=\"local-scroll\"><a href=\"#about\" title=\"button\" target=\"_self\" class=\"scroll-down \"><i class=\"fa fa-angle-down scroll-down-icon\"><\/i><\/a><\/div><\/div><\/section><\/div><\/div><\/section><section  id=\"section1\" class=\"content-section full-width with-col cover custom-padding rella-no-margin    content-section-69e760a773c25\"><div class=\"row vc_row-fluid\"><div class=\"wpb_column col-md-12\">[vc_separator color=&#8221;white&#8221; border_width=&#8221;10&#8243;]<\/div><\/div><\/section><section  id=\"sinopsi\" class=\"content-section full-width with-col cover custom-padding rella-no-margin    content-section-69e760a773da5\"><div class=\"row vc_row-fluid\"><div class=\"wpb_column col-md-12\"><h2  class=\"section-title  mb-70 mb-sm-40 font-alt align-center\" style=\"color:#4e342e;\">SINOPSI<\/h2><\/div><\/div><\/section><section  class=\"content-section full-width with-col cover rella-no-padding rella-no-margin   sinopsis  content-section-69e760a773f97\"><div class=\"row vc_row-fluid\"><div class=\"wpb_column col-md-6\"><div class=\"section-text text-block \" ><p>A Cabo Delgado, Mo\u00e7ambic, la pobresa de la poblaci\u00f3 i la riquesa del subs\u00f2l continuen sent inconciliables, fins al punt de provocar la mort de centenars de miners artesanals. En Marcelino s\u2019endinsa a la terra intentant trobar rob\u00ed en un forat com aquell en el que va morir<\/p>\n<\/div><\/div><div class=\"wpb_column col-md-6\"><div class=\"section-text text-block \" ><p>el seu germ\u00e0. En Toni treballa sense descans en una mina on amb prou feines hi queda or. Aquestes s\u00f3n nom\u00e9s dues de les hist\u00f2ries d&#8217;aquest rec\u00f2ndit lloc del planeta, per\u00f2\u2026 sabies que la teva salut tamb\u00e9 dep\u00e8n de la seva feina?<\/p>\n<\/div><\/div><\/div><\/section><section  id=\"descarregas\" class=\"content-section full-width with-col cover custom-padding rella-no-margin    content-section-69e760a7742bf\"><div class=\"row vc_row-fluid\"><div class=\"wpb_column col-md-12\"><h2  class=\"section-title  mb-70 mb-sm-40 font-alt align-center\" style=\"color:#4e342e;\">DESC\u00c0RREGUES<\/h2><\/div><\/div><\/section><section  id=\"descargas_sections\" class=\"content-section full-width with-col cover custom-padding rella-no-margin    content-section-69e760a774402\"><div class=\"row vc_row-fluid\"><div class=\"wpb_column col-md-3\"><\/div><div class=\"wpb_column col-md-3\"><div  class=\"mb-10\"><a href=\"http:\/\/lafiebredeloro.org\/wp-content\/uploads\/pressbook\/Pressbook-LFDO-ESP.pdf\" title=\"button\" target=\"_blank\" class=\"btn btn-custom-69e760a77462c btn-mod  btn-large btn-border btn-round\"><i class=\"fa fa-download\"><\/i> DOSSIER DE PREMSA <\/a><\/div><\/div><div class=\"wpb_column col-md-3\"><div  class=\"mb-10\"><a href=\"https:\/\/lafiebredeloro.org\/wp-content\/uploads\/2023\/12\/POSTER-LFDO.jpg\" title=\"button\" target=\"_blank\" class=\"btn btn-custom-69e760a7747a4 btn-mod  btn-large btn-border btn-round\"><i class=\"fa fa-download\"><\/i> CARTELL <\/a><\/div><\/div><div class=\"wpb_column col-md-3\"><\/div><\/div><\/section><section  id=\"credits\" class=\"content-section full-width with-col cover custom-padding rella-no-margin    content-section-69e760a774871\"><div class=\"row vc_row-fluid\"><div class=\"wpb_column col-md-12\"><h2  class=\"section-title  mb-70 mb-sm-40 font-alt align-center\" style=\"color:#4e342e;\">CR\u00c9DITS<\/h2><div class=\"section-text text-block align-center\" style=\"color:#4e342e;\"><p>Direcci\u00f3 \u2013 <strong>RA\u00daL DE LA FUENTE<\/strong><br \/>\nGui\u00f3 \u2013 <strong>RA\u00daL DE LA FUENTE, AMAIA REM\u00cdREZ, MEDICUSMUNDI<\/strong><br \/>\nProducci\u00f3 \u2013 <strong>MEDICUSMUNDI<br \/>\n<\/strong>Producci\u00f3 Executiva<strong> \u2013 KANAKI FILMS, AMAIA REM\u00cdREZ<\/strong><br \/>\nFotografia \u2013 <strong>RA\u00daL DE LA FUENTE<\/strong><br \/>\nMuntatge \u2013 <strong>RA\u00daL DE LA FUENTE, IKER ESTEIBARLANDA, NATXO LEUZA<\/strong><br \/>\nAjudant de c\u00e0mera i so directe \u2013 <strong>I\u00d1AKI ALFORJA<\/strong><br \/>\nAjudant de producci\u00f3 \u2013 <strong>I\u00d1IGO ZUBERO<\/strong><br \/>\nM\u00fasica \u2013 <strong>MIKEL SALAS<\/strong><br \/>\nEtalonat \u2013 <strong>AXEL O\u2019MILL<\/strong><br \/>\nPostproducci\u00f3 de so \u2013 <strong>ERNESTO SANTANA<\/strong><\/p>\n<\/div><\/div><\/div><\/section><section  class=\"content-section full-width with-col cover custom-padding custom-margin    content-section-69e760a774d44\"><div class=\"row vc_row-fluid\"><div class=\"wpb_column col-md-12\"><div  class=\"align-center\"><h3 class=\"banner-heading font-alt \" style=\"color:#ffaa00;\">I TU, QU\u00c8 POTS FER?<\/h3><div><a href=\"http:\/\/lafiebredeloro.org\/ca\/i-tu-que-pots-fer\" title=\"button\" target=\"_self\" class=\"btn btn-mod btn-w btn-medium btn-round cta-btn-custom-69e760a774efc\">+ info<\/a><\/div><\/div> <\/div><\/div><\/section><section  class=\"content-section full-width with-col cover custom-padding rella-no-margin   imagen_footer  content-section-69e760a774f68\"><div class=\"row vc_row-fluid\"><div class=\"wpb_column col-md-3\"><\/div><div class=\"wpb_column col-md-3\">[vc_single_image image=&#8221;4352&#8243; img_size=&#8221;full&#8221; alignment=&#8221;right&#8221; onclick=&#8221;custom_link&#8221; img_link_target=&#8221;_blank&#8221; link=&#8221;http:\/\/www.medicusmundi.cat\/&#8221;]<\/div><div class=\"wpb_column col-md-3\">[vc_single_image image=&#8221;4353&#8243; img_size=&#8221;full&#8221; onclick=&#8221;custom_link&#8221; img_link_target=&#8221;_blank&#8221; link=&#8221;http:\/\/kanakifilms.com\/inicio.html&#8221;]<\/div><div class=\"wpb_column col-md-3\"><\/div><\/div><\/section><section  class=\"content-section full-width with-col cover custom-padding rella-no-margin   imagen_footer  content-section-69e760a775198\"><div class=\"row vc_row-fluid\"><div class=\"wpb_column col-md-4\"><\/div><div class=\"wpb_column col-md-4\"><div class=\"section-text text-block align-center\" ><h5 style=\"text-align: center\"><span style=\"color: #000000\"><a style=\"color: #000000\" href=\"http:\/\/www.medicusmundi.cat\" target=\"_blank\" rel=\"noopener noreferrer\">BLOG<\/a><\/span><\/h5>\n<\/div><\/div><div class=\"wpb_column col-md-4\"><\/div><\/div><\/section>\n<\/div>","protected":false},"excerpt":{"rendered":"LA FIEBRE DEL ORO[vc_separator color=\"white\" border_width=\"10\"]SINOPSIA Cabo Delgado, Mo\u00e7ambic, la pobresa de la poblaci\u00f3 i la riquesa del subs\u00f2l continuen sent inconciliables, fins al punt de provocar la mort de centenars de miners artesanals. En Marcelino s\u2019endinsa a la terra intentant trobar rob\u00ed en un forat com aquell en el que va morir el seu","protected":false},"author":1,"featured_media":0,"parent":0,"menu_order":0,"comment_status":"closed","ping_status":"closed","template":"","meta":{"footnotes":""},"class_list":["post-4136","page","type-page","status-publish","hentry"],"_links":{"self":[{"href":"https:\/\/lafiebredeloro.org\/ca\/wp-json\/wp\/v2\/pages\/4136","targetHints":{"allow":["GET"]}}],"collection":[{"href":"https:\/\/lafiebredeloro.org\/ca\/wp-json\/wp\/v2\/pages"}],"about":[{"href":"https:\/\/lafiebredeloro.org\/ca\/wp-json\/wp\/v2\/types\/page"}],"author":[{"embeddable":true,"href":"https:\/\/lafiebredeloro.org\/ca\/wp-json\/wp\/v2\/users\/1"}],"replies":[{"embeddable":true,"href":"https:\/\/lafiebredeloro.org\/ca\/wp-json\/wp\/v2\/comments?post=4136"}],"version-history":[{"count":13,"href":"https:\/\/lafiebredeloro.org\/ca\/wp-json\/wp\/v2\/pages\/4136\/revisions"}],"predecessor-version":[{"id":4465,"href":"https:\/\/lafiebredeloro.org\/ca\/wp-json\/wp\/v2\/pages\/4136\/revisions\/4465"}],"wp:attachment":[{"href":"https:\/\/lafiebredeloro.org\/ca\/wp-json\/wp\/v2\/media?parent=4136"}],"curies":[{"name":"wp","href":"https:\/\/api.w.org\/{rel}","templated":true}]}}